{"id":32893,"date":"2022-07-18T14:08:24","date_gmt":"2022-07-18T11:08:24","guid":{"rendered":"https:\/\/hookahshop.lt\/?post_type=product&#038;p=32893"},"modified":"2026-04-16T23:29:55","modified_gmt":"2026-04-16T20:29:55","slug":"znyples-kaljano-anglims-blade-replika-rainbow","status":"publish","type":"product","link":"https:\/\/hookahshop.lt\/et\/toode\/znyples-vesipiip-susinik-tera-replica-vikerkaar\/","title":{"rendered":"Tangid vesipiibu jaoks carbon BLADE replica Rainbow"},"content":{"rendered":"<h2>Tangid vesipiibu jaoks carbon BLADE replica Rainbow<\/h2>\n<p>Valmistatud roostevabast terasest, v\u00e4ga mugav suurus.<\/p>\n<p><strong>Omadused:<\/strong><br \/>\nV\u00e4rv: vikerkaar<br \/>\nPikkus: 23 cm<br \/>\nLaius: 2,8 cm<\/p>\n<p>Kas teil on k\u00fcsimusi? v\u00f5ta meiega \u00fchendust\u00a0<a href=\"https:\/\/hookahshop.lt\/et\/kontaktid\/\">kontaktide leht<\/a>\u00a0v\u00f5i saatke meile e-kiri aadressil\u00a0<a href=\"https:\/\/facebook.com\/HookahShop.lt\/\" target=\"_blank\" rel=\"noopener noreferrer\">Facebooki konto<\/a>\u00a0ja vastame teie taotlusele samal p\u00e4eval.<\/p>\n<p>&nbsp;<\/p>","protected":false},"excerpt":{"rendered":"<p>Tangid vesipiibu s\u00f6e jaoks BLADE replica Rainbow Valmistatud roostevabast terasest, v\u00e4ga mugav suurus. Omadused: V\u00e4rv: Vikerkaar Pikkus: 23cm Laius: 2,8cm Kas teil on k\u00fcsimusi? V\u00f5tke meiega \u00fchendust kontaktide lehel v\u00f5i kirjutage meile meie Facebooki kontol ja vastame teie p\u00e4ringule samal p\u00e4eval. &nbsp;<\/p>","protected":false},"featured_media":32894,"comment_status":"open","ping_status":"closed","template":"","meta":[],"_links":{"self":[{"href":"https:\/\/hookahshop.lt\/et\/wp-json\/wp\/v2\/product\/32893"}],"collection":[{"href":"https:\/\/hookahshop.lt\/et\/wp-json\/wp\/v2\/product"}],"about":[{"href":"https:\/\/hookahshop.lt\/et\/wp-json\/wp\/v2\/types\/product"}],"replies":[{"embeddable":true,"href":"https:\/\/hookahshop.lt\/et\/wp-json\/wp\/v2\/comments?post=32893"}],"version-history":[{"count":3,"href":"https:\/\/hookahshop.lt\/et\/wp-json\/wp\/v2\/product\/32893\/revisions"}],"predecessor-version":[{"id":37686,"href":"https:\/\/hookahshop.lt\/et\/wp-json\/wp\/v2\/product\/32893\/revisions\/37686"}],"wp:featuredmedia":[{"embeddable":true,"href":"https:\/\/hookahshop.lt\/et\/wp-json\/wp\/v2\/media\/32894"}],"wp:attachment":[{"href":"https:\/\/hookahshop.lt\/et\/wp-json\/wp\/v2\/media?parent=32893"}],"curies":[{"name":"wp","href":"https:\/\/api.w.org\/{rel}","templated":true}]}}