{"id":32897,"date":"2022-07-18T14:19:47","date_gmt":"2022-07-18T11:19:47","guid":{"rendered":"https:\/\/hookahshop.lt\/?post_type=product&#038;p=32897"},"modified":"2026-04-19T23:29:48","modified_gmt":"2026-04-19T20:29:48","slug":"znyples-kaljano-anglims-blade-replika-gold","status":"publish","type":"product","link":"https:\/\/hookahshop.lt\/et\/toode\/znyples-vesipiip-susinik-tera-koopia-kuld\/","title":{"rendered":"Tangid vesipiibu s\u00f6e jaoks BLADE replica Gold"},"content":{"rendered":"<h2>Tangid vesipiibu s\u00f6e jaoks BLADE replica Gold<\/h2>\n<p>Valmistatud roostevabast terasest, v\u00e4ga mugav suurus.<\/p>\n<p><strong>Omadused:<\/strong><br \/>\nV\u00e4rvus: kuldne<br \/>\nPikkus: 23 cm<br \/>\nLaius: 2,8 cm<\/p>\n<p>Kas teil on k\u00fcsimusi? v\u00f5ta meiega \u00fchendust\u00a0<a href=\"https:\/\/hookahshop.lt\/et\/kontaktid\/\">kontaktide leht<\/a>\u00a0v\u00f5i saatke meile e-kiri aadressil\u00a0<a href=\"https:\/\/facebook.com\/HookahShop.lt\/\" target=\"_blank\" rel=\"noopener noreferrer\">Facebooki konto<\/a>\u00a0ja vastame teie taotlusele samal p\u00e4eval.<\/p>\n<p>&nbsp;<\/p>","protected":false},"excerpt":{"rendered":"<p>Tangid vesipiibu s\u00f6e jaoks BLADE replica Gold Valmistatud roostevabast terasest, v\u00e4ga mugav suurus. Omadused: V\u00e4rv: kuldne Pikkus: 23cm Laius: 2,8cm Kas teil on k\u00fcsimusi? V\u00f5tke meiega \u00fchendust kontaktide lehel v\u00f5i kirjutage meile Facebookis ja vastame teie p\u00e4ringule samal p\u00e4eval. &nbsp;<\/p>","protected":false},"featured_media":32898,"comment_status":"open","ping_status":"closed","template":"","meta":[],"_links":{"self":[{"href":"https:\/\/hookahshop.lt\/et\/wp-json\/wp\/v2\/product\/32897"}],"collection":[{"href":"https:\/\/hookahshop.lt\/et\/wp-json\/wp\/v2\/product"}],"about":[{"href":"https:\/\/hookahshop.lt\/et\/wp-json\/wp\/v2\/types\/product"}],"replies":[{"embeddable":true,"href":"https:\/\/hookahshop.lt\/et\/wp-json\/wp\/v2\/comments?post=32897"}],"version-history":[{"count":5,"href":"https:\/\/hookahshop.lt\/et\/wp-json\/wp\/v2\/product\/32897\/revisions"}],"predecessor-version":[{"id":45714,"href":"https:\/\/hookahshop.lt\/et\/wp-json\/wp\/v2\/product\/32897\/revisions\/45714"}],"wp:featuredmedia":[{"embeddable":true,"href":"https:\/\/hookahshop.lt\/et\/wp-json\/wp\/v2\/media\/32898"}],"wp:attachment":[{"href":"https:\/\/hookahshop.lt\/et\/wp-json\/wp\/v2\/media?parent=32897"}],"curies":[{"name":"wp","href":"https:\/\/api.w.org\/{rel}","templated":true}]}}