{"id":32901,"date":"2022-07-18T14:53:19","date_gmt":"2022-07-18T11:53:19","guid":{"rendered":"https:\/\/hookahshop.lt\/?post_type=product&#038;p=32901"},"modified":"2025-11-06T21:01:17","modified_gmt":"2025-11-06T19:01:17","slug":"kaljanas-sky-totem-hookah-tube-ice-black","status":"publish","type":"product","link":"https:\/\/hookahshop.lt\/et\/toode\/vesipiibu-taeva-totem-vesipiibu-toru-jaamust\/","title":{"rendered":"Vesipiibu Sky-Totem Vesipiibu toru j\u00e4\u00e4must"},"content":{"rendered":"<h2>Vesipiibu Sky-Totem Vesipiibu toru j\u00e4\u00e4must<\/h2>\n<p>See on Ukraina firmade &quot;Totem Hookah&quot; ja &quot;Sky Hookah&quot; puidust siset\u00fckiga roostevabast terasest vesipiibud. T\u00f6\u00f6kvaliteedi ja toote k\u00f5ikide osade t\u00f6\u00f6tluse p\u00f5hjal v\u00f5ib Totem Hokah vesipiipu julgelt klassifitseerida k\u00f5rgetasemeliseks segmendiks v\u00e4ga soodsa hinnaga. H\u00e4sti l\u00e4bim\u00f5eldud ja pealekantud puitviimistlus pakub silmailu ja j\u00e4tab suurep\u00e4rase sensoorse mulje. Vooliku\u00fchendus on \u00fchendatud vesipiibu varrega, mis v\u00f5imaldab lihtsat ja usaldusv\u00e4\u00e4rset kasutamist ilma kogu toote eksklusiivset v\u00e4limust kaotamata. Pol\u00fcatsetaalist siset\u00fckk tagab lihtsa ja kiire kaitse vesipiibu eest. Ja loomulikult ei saa ignoreerida muljetavaldavat kaubam\u00e4rgiga pakendit, mis r\u00f5hutab ainult vesipiibu omaniku maitset.<\/p>\n<p><strong>Spetsifikatsioon:<\/strong><br \/>\nMaterjal: roostevaba teras, pol\u00fcatsetaal, puit.<br \/>\nK\u00f5rgus: 55 cm<br \/>\nTootja: Sky &amp; Totem Hookah<br \/>\nMudel: toru<br \/>\nTootmisriik: Ukraina<\/p>\n<p><strong>Varustus:<\/strong><br \/>\ntaldrik;<br \/>\nOriginaal huulik;<br \/>\nSilikoonvoolik &quot;Soft Touch&quot;;<br \/>\nTihendite komplekt;<br \/>\nVooliku vedru;<br \/>\nv\u00f5ll;<br \/>\nKaubam\u00e4rgiga pakend.<\/p>\n<p>Kas teil on k\u00fcsimusi? v\u00f5ta meiega \u00fchendust\u00a0<a href=\"https:\/\/hookahshop.lt\/et\/kontaktid\/\">kontaktide leht<\/a>\u00a0v\u00f5i saatke meile e-kiri aadressil\u00a0<a href=\"https:\/\/facebook.com\/HookahShop.lt\/\" target=\"_blank\" rel=\"noopener noreferrer\">Facebooki konto<\/a>\u00a0ja vastame teie taotlusele samal p\u00e4eval.<\/p>","protected":false},"excerpt":{"rendered":"<p>Vesipiibu Sky-Totem Hookah Tube Ice Black See on Ukraina firmade &quot;Totem Hookah&quot; ja &quot;Sky Hookah&quot; puidust siset\u00fckiga roostevabast terasest vesipiibud. T\u00f6\u00f6kvaliteedi ja toote k\u00f5ikide osade t\u00f6\u00f6tluse p\u00f5hjal v\u00f5ib Totem Hokah vesipiipu julgelt klassifitseerida k\u00f5rgetasemeliseks segmendiks v\u00e4ga soodsa hinnaga. H\u00e4sti viimistletud ja kohandatud puiduviimistlus on silmale meeldiv ja j\u00e4tab suurep\u00e4rase [\u2026]<\/p>","protected":false},"featured_media":32902,"comment_status":"open","ping_status":"closed","template":"","meta":[],"_links":{"self":[{"href":"https:\/\/hookahshop.lt\/et\/wp-json\/wp\/v2\/product\/32901"}],"collection":[{"href":"https:\/\/hookahshop.lt\/et\/wp-json\/wp\/v2\/product"}],"about":[{"href":"https:\/\/hookahshop.lt\/et\/wp-json\/wp\/v2\/types\/product"}],"replies":[{"embeddable":true,"href":"https:\/\/hookahshop.lt\/et\/wp-json\/wp\/v2\/comments?post=32901"}],"version-history":[{"count":2,"href":"https:\/\/hookahshop.lt\/et\/wp-json\/wp\/v2\/product\/32901\/revisions"}],"predecessor-version":[{"id":40335,"href":"https:\/\/hookahshop.lt\/et\/wp-json\/wp\/v2\/product\/32901\/revisions\/40335"}],"wp:featuredmedia":[{"embeddable":true,"href":"https:\/\/hookahshop.lt\/et\/wp-json\/wp\/v2\/media\/32902"}],"wp:attachment":[{"href":"https:\/\/hookahshop.lt\/et\/wp-json\/wp\/v2\/media?parent=32901"}],"curies":[{"name":"wp","href":"https:\/\/api.w.org\/{rel}","templated":true}]}}