{"id":32906,"date":"2022-07-18T16:27:42","date_gmt":"2022-07-18T13:27:42","guid":{"rendered":"https:\/\/hookahshop.lt\/?post_type=product&#038;p=32906"},"modified":"2026-04-06T23:29:24","modified_gmt":"2026-04-06T20:29:24","slug":"anglys-kaljanui-kumar-26mm-1kg","status":"publish","type":"product","link":"https:\/\/hookahshop.lt\/et\/toode\/susi-piibu-kumar-26mm-1kg\/","title":{"rendered":"S\u00fcsi vesipiibu jaoks KUMAR 26mm 1kg"},"content":{"rendered":"<h2>S\u00fcsi vesipiibu jaoks KUMAR 26mm 1kg<\/h2>\n<p>Premium klass, naturaalne kookoss\u00fcsi vesipiibu jaoks. S\u00fcsi annab palju soojust, mis v\u00f5imaldab suurep\u00e4rast maitset veelgi kauem nautida. Kivis\u00fcsi ei murene ja j\u00e4tab v\u00e4ga v\u00e4he tuhka. Valmistatud Leedu vesipiibuhuviliste kvaliteedivajaduste j\u00e4rgi.<\/p>\n<ul>\n<li>S\u00fcsiniku suurus: 26x26x26mm<\/li>\n<li>Pakendis: 64 tk<\/li>\n<li>Pakendi kaal: 1kg<\/li>\n<li>Maaletooja: Leedu<\/li>\n<li>P\u00e4ritoluriik: Indoneesia<\/li>\n<\/ul>\n<p>S\u00f6e p\u00f5letamiseks vajate vesipiibu, turistide gaasipliidi vms jaoks elektrilist pliiti.<\/p>\n<p>Kas teil on k\u00fcsimusi? v\u00f5ta meiega \u00fchendust <a href=\"https:\/\/hookahshop.lt\/et\/kontaktid\/\">kontaktide leht<\/a> v\u00f5i saatke meile e-kiri aadressil <a href=\"https:\/\/facebook.com\/HookahShop.lt\/\" target=\"_blank\" rel=\"noopener noreferrer\">Facebooki konto<\/a> ja vastame teie taotlusele samal p\u00e4eval.<\/p>","protected":false},"excerpt":{"rendered":"<p>Vesipiibu s\u00fcsi KUMAR 26mm 1kg Premium klass, naturaalne kookoss\u00fcsi vesipiibu jaoks. S\u00fcsi annab palju soojust, mis v\u00f5imaldab suurep\u00e4rast maitset veelgi kauem nautida. Kivis\u00fcsi ei murene ja j\u00e4tab v\u00e4ga v\u00e4he tuhka. Valmistatud Leedu vesipiibuhuviliste kvaliteedivajaduste j\u00e4rgi. S\u00f6e suurus: 26x26x26mm Pakend: 64 \u00fchikut Pakendi kaal: 1kg Maaletooja: Leedu P\u00e4ritoluriik: Indoneesia S\u00f6e s\u00fc\u00fctamiseks on vaja vesipiibu elektripliiti, [...]<\/p>","protected":false},"featured_media":32907,"comment_status":"open","ping_status":"closed","template":"","meta":[],"_links":{"self":[{"href":"https:\/\/hookahshop.lt\/et\/wp-json\/wp\/v2\/product\/32906"}],"collection":[{"href":"https:\/\/hookahshop.lt\/et\/wp-json\/wp\/v2\/product"}],"about":[{"href":"https:\/\/hookahshop.lt\/et\/wp-json\/wp\/v2\/types\/product"}],"replies":[{"embeddable":true,"href":"https:\/\/hookahshop.lt\/et\/wp-json\/wp\/v2\/comments?post=32906"}],"version-history":[{"count":8,"href":"https:\/\/hookahshop.lt\/et\/wp-json\/wp\/v2\/product\/32906\/revisions"}],"predecessor-version":[{"id":44548,"href":"https:\/\/hookahshop.lt\/et\/wp-json\/wp\/v2\/product\/32906\/revisions\/44548"}],"wp:featuredmedia":[{"embeddable":true,"href":"https:\/\/hookahshop.lt\/et\/wp-json\/wp\/v2\/media\/32907"}],"wp:attachment":[{"href":"https:\/\/hookahshop.lt\/et\/wp-json\/wp\/v2\/media?parent=32906"}],"curies":[{"name":"wp","href":"https:\/\/api.w.org\/{rel}","templated":true}]}}