{"id":32937,"date":"2022-07-20T14:28:10","date_gmt":"2022-07-20T11:28:10","guid":{"rendered":"https:\/\/hookahshop.lt\/?post_type=product&#038;p=32937"},"modified":"2026-04-25T23:29:45","modified_gmt":"2026-04-25T20:29:45","slug":"kaljanas-aladin-alux-m3-1-black","status":"publish","type":"product","link":"https:\/\/hookahshop.lt\/et\/toode\/vesipiibu-aladin-alux-m3-1-must\/","title":{"rendered":"Vesipiip ALADIN Alux M3.1 Must"},"content":{"rendered":"<h2>Vesipiip ALADIN Alux M3.1 Must<\/h2>\n<p>Vesipiip j\u00e4tab oma kvaliteetsete materjalidega imelised muljed. Kvaliteetne t\u00f6\u00f6 ja individuaalne disain ei j\u00e4ta teid \u00fcksk\u00f5ikseks. Kombineeritud versioon: veega kokkupuutuv v\u00f5lli\/varre alumine osa on valmistatud roostevabast terasest, teised vesipiibu osad on alumiiniumist.<\/p>\n<p><strong>Standard komplekt:<\/strong><\/p>\n<p>tangid, pehme silikoonvoolik koos d\u00fc\u00fcsidega, tass ja &quot;korsten tassile&quot;.<\/p>\n<p>Reguleeritav difuusor.<\/p>\n<p>K\u00f5rgus: 48 cm<\/p>\n<p>Kas teil on k\u00fcsimusi? v\u00f5ta meiega \u00fchendust\u00a0<a href=\"https:\/\/hookahshop.lt\/et\/kontaktid\/\">kontaktide leht<\/a>\u00a0v\u00f5i saatke meile e-kiri aadressil\u00a0<a href=\"https:\/\/facebook.com\/HookahShop.lt\/\" target=\"_blank\" rel=\"noopener noreferrer\">Facebooki konto<\/a>\u00a0ja vastame teie taotlusele samal p\u00e4eval.<\/p>","protected":false},"excerpt":{"rendered":"<p>Vesipiip ALADIN Alux M3.1 Black Vesipiip j\u00e4tab oma kvaliteetsete materjalidega imelised muljed. Kvaliteetne t\u00f6\u00f6tlus ja individuaalne disain ei j\u00e4ta teid \u00fcksk\u00f5ikseks. Kombineeritud versioon: veega kokkupuutuv varre\/varre alumine osa on valmistatud roostevabast terasest, teised vesipiibu osad on alumiiniumist. Standardkomplektis: tangid, &quot;pehme&quot; silikoonvoolik otsikutega, tass ja &quot;pliit tassi jaoks&quot;. Reguleeritav difuusor. K\u00f5rgus: 48 cm Sul on [\u2026]<\/p>","protected":false},"featured_media":32938,"comment_status":"open","ping_status":"closed","template":"","meta":[],"_links":{"self":[{"href":"https:\/\/hookahshop.lt\/et\/wp-json\/wp\/v2\/product\/32937"}],"collection":[{"href":"https:\/\/hookahshop.lt\/et\/wp-json\/wp\/v2\/product"}],"about":[{"href":"https:\/\/hookahshop.lt\/et\/wp-json\/wp\/v2\/types\/product"}],"replies":[{"embeddable":true,"href":"https:\/\/hookahshop.lt\/et\/wp-json\/wp\/v2\/comments?post=32937"}],"version-history":[{"count":3,"href":"https:\/\/hookahshop.lt\/et\/wp-json\/wp\/v2\/product\/32937\/revisions"}],"predecessor-version":[{"id":32947,"href":"https:\/\/hookahshop.lt\/et\/wp-json\/wp\/v2\/product\/32937\/revisions\/32947"}],"wp:featuredmedia":[{"embeddable":true,"href":"https:\/\/hookahshop.lt\/et\/wp-json\/wp\/v2\/media\/32938"}],"wp:attachment":[{"href":"https:\/\/hookahshop.lt\/et\/wp-json\/wp\/v2\/media?parent=32937"}],"curies":[{"name":"wp","href":"https:\/\/api.w.org\/{rel}","templated":true}]}}