{"id":33154,"date":"2022-08-18T18:13:22","date_gmt":"2022-08-18T15:13:22","guid":{"rendered":"https:\/\/hookahshop.lt\/?post_type=product&#038;p=33154"},"modified":"2026-04-11T23:29:29","modified_gmt":"2026-04-11T20:29:29","slug":"taurele-kaljanui-hekkpipe-black","status":"publish","type":"product","link":"https:\/\/hookahshop.lt\/et\/toode\/tass-vesipiip-hekkpipe-must\/","title":{"rendered":"Vesipiibu tass HEKKPIPE Must"},"content":{"rendered":"<h2>Vesipiibu tass HEKKPIPE Must<\/h2>\n<p>HEKKPIPE vesipiipudele. K\u00e4sitsi valmistatud savitass, mille p\u00f5hjast on augud eemal, et melass (vesipiibu segusiirup) ei voolaks vesipiibu varre, kolbi.<\/p>\n<p><strong>Omadused:<\/strong><br \/>\nV\u00e4rvus must<br \/>\nK\u00f5rgus: 6 cm<\/p>\n<p>Kas teil on k\u00fcsimusi? v\u00f5ta meiega \u00fchendust\u00a0<a href=\"https:\/\/hookahshop.lt\/et\/kontaktid\/\">kontaktide leht<\/a>\u00a0v\u00f5i saatke meile e-kiri aadressil\u00a0<a href=\"https:\/\/facebook.com\/HookahShop.lt\/\" target=\"_blank\" rel=\"noopener\">Facebooki konto<\/a>\u00a0ja vastame teie taotlusele samal p\u00e4eval.<\/p>","protected":false},"excerpt":{"rendered":"<p>Vesipiibu tass HEKKPIPE Must HEKKPIPE vesipiipudele. K\u00e4sitsi valmistatud savitass, mille p\u00f5hjast on augud eemal, et melass (vesipiibu segusiirup) ei voolaks vesipiibu varre, kolbi. Omadused: V\u00e4rv: must K\u00f5rgus: 6cm Kas teil on k\u00fcsimusi? V\u00f5tke meiega \u00fchendust kontaktide lehel v\u00f5i kirjutage meile meie Facebooki kontol ja vastame teie p\u00e4ringule samal p\u00e4eval.<\/p>","protected":false},"featured_media":33155,"comment_status":"open","ping_status":"closed","template":"","meta":[],"_links":{"self":[{"href":"https:\/\/hookahshop.lt\/et\/wp-json\/wp\/v2\/product\/33154"}],"collection":[{"href":"https:\/\/hookahshop.lt\/et\/wp-json\/wp\/v2\/product"}],"about":[{"href":"https:\/\/hookahshop.lt\/et\/wp-json\/wp\/v2\/types\/product"}],"replies":[{"embeddable":true,"href":"https:\/\/hookahshop.lt\/et\/wp-json\/wp\/v2\/comments?post=33154"}],"version-history":[{"count":3,"href":"https:\/\/hookahshop.lt\/et\/wp-json\/wp\/v2\/product\/33154\/revisions"}],"predecessor-version":[{"id":33168,"href":"https:\/\/hookahshop.lt\/et\/wp-json\/wp\/v2\/product\/33154\/revisions\/33168"}],"wp:featuredmedia":[{"embeddable":true,"href":"https:\/\/hookahshop.lt\/et\/wp-json\/wp\/v2\/media\/33155"}],"wp:attachment":[{"href":"https:\/\/hookahshop.lt\/et\/wp-json\/wp\/v2\/media?parent=33154"}],"curies":[{"name":"wp","href":"https:\/\/api.w.org\/{rel}","templated":true}]}}