{"id":33158,"date":"2022-08-18T20:16:15","date_gmt":"2022-08-18T17:16:15","guid":{"rendered":"https:\/\/hookahshop.lt\/?post_type=product&#038;p=33158"},"modified":"2026-04-18T23:29:18","modified_gmt":"2026-04-18T20:29:18","slug":"kaljanas-ykap-ego-black-e3","status":"publish","type":"product","link":"https:\/\/hookahshop.lt\/et\/toode\/vesipiibu-ykap-ego-must-e3\/","title":{"rendered":"Vesipiip YKAP Ego Black E3"},"content":{"rendered":"<h2>Vesipiip YKAP Ego Black E3<\/h2>\n<p>Uus vesipiip &quot;YKAP Ego Black E3&quot; tuntud Venemaalt p\u00e4rit tootjalt - YKAP. See on kvaliteetne vesipiip, mis tagab meeldiva seansi. Vesipiibu valmistamisel on kasutatud k\u00f5rgeima kvaliteediga materjale, mis tagavad vesipiibu pika kasutusea. Vesipiibu t\u00f5mme on reguleeritav, t\u00e4nu olemasolevale hajutile.<\/p>\n<p><strong>Varustus:<\/strong><br \/>\nVesipiip (minu)<br \/>\nRoostevaba teras pol\u00fctsitaaldetailidega.<br \/>\nVooliku\u00fchendus (O-r\u00f5ngas)<br \/>\nSuuosa: roostevaba teras (reguleeritav suurus)<br \/>\nHajuti: reguleeritav<\/p>\n<p><img decoding=\"async\" loading=\"lazy\" class=\"alignnone size-medium wp-image-38521\" src=\"https:\/\/hookahshop.lt\/wp-content\/uploads\/2020\/09\/stiebas-zarna-kandiklis-1-300x273.jpg\" alt=\"- hookahshop.lt\" width=\"300\" height=\"273\" srcset=\"https:\/\/hookahshop.lt\/wp-content\/uploads\/2020\/09\/stiebas-zarna-kandiklis-1-300x273.jpg 300w, https:\/\/hookahshop.lt\/wp-content\/uploads\/2020\/09\/stiebas-zarna-kandiklis-1-13x12.jpg 13w, https:\/\/hookahshop.lt\/wp-content\/uploads\/2020\/09\/stiebas-zarna-kandiklis-1-64x58.jpg 64w, https:\/\/hookahshop.lt\/wp-content\/uploads\/2020\/09\/stiebas-zarna-kandiklis-1.jpg 420w\" sizes=\"(max-width: 300px) 100vw, 300px\" title=\"\"><\/p>\n<p><strong>Spetsifikatsioon:<\/strong><br \/>\nK\u00f5rgus: 54 cm<br \/>\nP\u00e4ritoluriik: Venemaa<\/p>\n<p>Kas teil on k\u00fcsimusi? v\u00f5ta meiega \u00fchendust <a href=\"https:\/\/hookahshop.lt\/et\/kontaktid\/\">kontaktide leht<\/a>\u00a0v\u00f5i saatke meile e-kiri aadressil\u00a0<a href=\"https:\/\/facebook.com\/HookahShop.lt\/\" target=\"_blank\" rel=\"noopener noreferrer\">Facebooki konto<\/a>\u00a0ja vastame teie taotlusele samal p\u00e4eval.<\/p>","protected":false},"excerpt":{"rendered":"<p>Vesipiip YKAP Ego Black E3 Uus vesipiip &quot;YKAP Ego Black E3&quot; Venemaalt tuntud tootjalt - YKAP. See on kvaliteetne vesipiip, mis tagab meeldiva seansi. Vesipiibu valmistamisel on kasutatud k\u00f5rgeima kvaliteediga materjale, mis tagavad vesipiibu pika kasutusea. Vesipiibu t\u00f5mme on reguleeritav, t\u00e4nu olemasolevale difuusorile. T\u00e4ielik komplekt: Vesipiip (vars) Roostevaba teras pol\u00fctaaldetailidega. Vooliku\u00fchendus (O-r\u00f5ngas) Huulik: [\u2026]<\/p>","protected":false},"featured_media":33159,"comment_status":"open","ping_status":"closed","template":"","meta":[],"_links":{"self":[{"href":"https:\/\/hookahshop.lt\/et\/wp-json\/wp\/v2\/product\/33158"}],"collection":[{"href":"https:\/\/hookahshop.lt\/et\/wp-json\/wp\/v2\/product"}],"about":[{"href":"https:\/\/hookahshop.lt\/et\/wp-json\/wp\/v2\/types\/product"}],"replies":[{"embeddable":true,"href":"https:\/\/hookahshop.lt\/et\/wp-json\/wp\/v2\/comments?post=33158"}],"version-history":[{"count":5,"href":"https:\/\/hookahshop.lt\/et\/wp-json\/wp\/v2\/product\/33158\/revisions"}],"predecessor-version":[{"id":33162,"href":"https:\/\/hookahshop.lt\/et\/wp-json\/wp\/v2\/product\/33158\/revisions\/33162"}],"wp:featuredmedia":[{"embeddable":true,"href":"https:\/\/hookahshop.lt\/et\/wp-json\/wp\/v2\/media\/33159"}],"wp:attachment":[{"href":"https:\/\/hookahshop.lt\/et\/wp-json\/wp\/v2\/media?parent=33158"}],"curies":[{"name":"wp","href":"https:\/\/api.w.org\/{rel}","templated":true}]}}