{"id":33163,"date":"2022-08-18T20:36:57","date_gmt":"2022-08-18T17:36:57","guid":{"rendered":"https:\/\/hookahshop.lt\/?post_type=product&#038;p=33163"},"modified":"2026-05-13T23:29:52","modified_gmt":"2026-05-13T20:29:52","slug":"gaubtas-taureles-kaitinimui-hoob-windcover","status":"publish","type":"product","link":"https:\/\/hookahshop.lt\/et\/toode\/kubu-topsid-kutteks-hoob-tuulekate\/","title":{"rendered":"Kapuuts tassisoojenduseks HOOB Tuulekate"},"content":{"rendered":"<h2>Kapuuts tassisoojenduseks HOOB Tuulekate<\/h2>\n<p>Hoob Windcover teenib korraga mitut eesm\u00e4rki:<\/p>\n<p>Kuumuse reguleerimine;<br \/>\npikenenud kivis\u00f6e p\u00f5lemisaeg;<br \/>\nTuulekaitse.<\/p>\n<p>Hoob Windcover Goldiga saate vesipiipu nautida isegi \u00f5ues, kartmata, et tuul puhub s\u00fctt. Vajadusel v\u00f5imaldab eemaldatav kate lisada veel s\u00fctt.<br \/>\nLisaks on Hoob Windcover Gold mitmek\u00fclgne \u2013 sobib igat t\u00fc\u00fcpi vesipiipudele ja prillidele. See on valmistatud roostevabast terasest ja kuldkattega, mis avaldab teie s\u00f5pradele ja tuttavatele veelgi suuremat muljet.<\/p>\n<p>Kas teil on k\u00fcsimusi? v\u00f5ta meiega \u00fchendust\u00a0<a href=\"https:\/\/hookahshop.lt\/et\/kontaktid\/\">kontaktide leht<\/a>\u00a0v\u00f5i saatke meile e-kiri aadressil\u00a0<a href=\"https:\/\/facebook.com\/HookahShop.lt\/\" target=\"_blank\" rel=\"noopener noreferrer\">Facebooki konto<\/a>\u00a0ja vastame teie taotlusele samal p\u00e4eval.<\/p>","protected":false},"excerpt":{"rendered":"<p>Kapuuts tasside soojendamiseks HOOB Windcover Kupu soojendamiseks tassides &quot;Hoob Windcover&quot; kasutatakse korraga mitmel otstarbel: Kuumuse reguleerimine; Suurenenud s\u00fcsiniku p\u00f5lemisaeg; Tuulekaitse. Hoob Windcover Goldiga saate vesipiipu nautida isegi \u00f5ues, kartmata, et tuul s\u00f6e \u00e4ra puhub. Eemaldatav kork v\u00f5imaldab teil vajadusel lisada rohkem s\u00fctt. Lisaks on Hoob Windcover Gold mitmek\u00fclgne \u2013 [\u2026]<\/p>","protected":false},"featured_media":33164,"comment_status":"open","ping_status":"closed","template":"","meta":[],"_links":{"self":[{"href":"https:\/\/hookahshop.lt\/et\/wp-json\/wp\/v2\/product\/33163"}],"collection":[{"href":"https:\/\/hookahshop.lt\/et\/wp-json\/wp\/v2\/product"}],"about":[{"href":"https:\/\/hookahshop.lt\/et\/wp-json\/wp\/v2\/types\/product"}],"replies":[{"embeddable":true,"href":"https:\/\/hookahshop.lt\/et\/wp-json\/wp\/v2\/comments?post=33163"}],"version-history":[{"count":2,"href":"https:\/\/hookahshop.lt\/et\/wp-json\/wp\/v2\/product\/33163\/revisions"}],"predecessor-version":[{"id":33167,"href":"https:\/\/hookahshop.lt\/et\/wp-json\/wp\/v2\/product\/33163\/revisions\/33167"}],"wp:featuredmedia":[{"embeddable":true,"href":"https:\/\/hookahshop.lt\/et\/wp-json\/wp\/v2\/media\/33164"}],"wp:attachment":[{"href":"https:\/\/hookahshop.lt\/et\/wp-json\/wp\/v2\/media?parent=33163"}],"curies":[{"name":"wp","href":"https:\/\/api.w.org\/{rel}","templated":true}]}}