{"id":33170,"date":"2022-08-18T21:52:02","date_gmt":"2022-08-18T18:52:02","guid":{"rendered":"https:\/\/hookahshop.lt\/?post_type=product&#038;p=33170"},"modified":"2026-04-19T23:29:51","modified_gmt":"2026-04-19T20:29:51","slug":"kolba-kaljanui-crystal-craft-mini","status":"publish","type":"product","link":"https:\/\/hookahshop.lt\/et\/toode\/kolb-vesipiibu-kristall-kasitoo-mini\/","title":{"rendered":"Crystal Craft Mini vesipiibu kolb"},"content":{"rendered":"<h2>Crystal Craft Mini vesipiibu kolb<\/h2>\n<p>See minikolb on valmistatud T\u0161ehhi Vabariigis asuvas ettev\u00f5ttes ja on valmistatud ehtsast boheemlaslikust kristallklaasist. Kolb ei ole v\u00e4rvitud, mis t\u00e4hendab, et see teenib teid palju aastaid. Sobib kasutamiseks iga minipiibuga.<\/p>\n<p>Kas teil on k\u00fcsimusi? v\u00f5ta meiega \u00fchendust\u00a0<a href=\"https:\/\/hookahshop.lt\/et\/kontaktid\/\">kontaktide leht<\/a>\u00a0v\u00f5i saatke meile e-kiri aadressil\u00a0<a href=\"https:\/\/facebook.com\/HookahShop.lt\/\" target=\"_blank\" rel=\"noopener\">Facebooki konto<\/a>\u00a0ja vastame teie taotlusele samal p\u00e4eval.<\/p>","protected":false},"excerpt":{"rendered":"<p>Crystal Craft Mini Hookah Flask See minikolb on valmistatud T\u0161ehhi Vabariigis asuvas ettev\u00f5ttes ja on valmistatud ehtsast boheemlaslikust kristallklaasist. Kolb ei ole v\u00e4rvitud, mis t\u00e4hendab, et see teenib teid palju aastaid. Sobib kasutamiseks iga minipiibuga. Kas teil on k\u00fcsimusi? V\u00f5tke meiega \u00fchendust kontaktide lehel v\u00f5i kirjutage meile meie Facebooki kontol ja vastame teie p\u00e4ringule samal p\u00e4eval.<\/p>","protected":false},"featured_media":33171,"comment_status":"open","ping_status":"closed","template":"","meta":[],"_links":{"self":[{"href":"https:\/\/hookahshop.lt\/et\/wp-json\/wp\/v2\/product\/33170"}],"collection":[{"href":"https:\/\/hookahshop.lt\/et\/wp-json\/wp\/v2\/product"}],"about":[{"href":"https:\/\/hookahshop.lt\/et\/wp-json\/wp\/v2\/types\/product"}],"replies":[{"embeddable":true,"href":"https:\/\/hookahshop.lt\/et\/wp-json\/wp\/v2\/comments?post=33170"}],"version-history":[{"count":3,"href":"https:\/\/hookahshop.lt\/et\/wp-json\/wp\/v2\/product\/33170\/revisions"}],"predecessor-version":[{"id":33173,"href":"https:\/\/hookahshop.lt\/et\/wp-json\/wp\/v2\/product\/33170\/revisions\/33173"}],"wp:featuredmedia":[{"embeddable":true,"href":"https:\/\/hookahshop.lt\/et\/wp-json\/wp\/v2\/media\/33171"}],"wp:attachment":[{"href":"https:\/\/hookahshop.lt\/et\/wp-json\/wp\/v2\/media?parent=33170"}],"curies":[{"name":"wp","href":"https:\/\/api.w.org\/{rel}","templated":true}]}}