{"id":33176,"date":"2022-08-19T11:01:25","date_gmt":"2022-08-19T08:01:25","guid":{"rendered":"https:\/\/hookahshop.lt\/?post_type=product&#038;p=33176"},"modified":"2025-11-06T21:01:15","modified_gmt":"2025-11-06T19:01:15","slug":"yla-kaljano-tabakui-maklaud-baby-blady","status":"publish","type":"product","link":"https:\/\/hookahshop.lt\/et\/toode\/yla-vesipiibu-tubaka-maklaud-baby-blady\/","title":{"rendered":"Yla vesipiibu tubaka jaoks MAKLAUD Baby Blady"},"content":{"rendered":"<h2>Yla vesipiibu tubaka jaoks MAKLAUD Baby Blady<\/h2>\n<p>Yla on vajalik aksessuaar mugavaks t\u00f6\u00f6tamiseks klaasi ja vesipiibu seguga. See mahub mugavalt k\u00e4tte. Elegantne aksessuaar MAKLAUD f\u00e4nnidele. Valmistatud messingist ja kaunistatud fianiitkiviga.<\/p>\n<p><strong>Spetsifikatsioonid:<\/strong><br \/>\nPikkus: 82mm<br \/>\nK\u00e4epideme pikkus: 20 mm<br \/>\nKaal: umbes 5 g.<\/p>\n<p>Kas teil on k\u00fcsimusi? v\u00f5ta meiega \u00fchendust\u00a0<a href=\"https:\/\/hookahshop.lt\/et\/kontaktid\/\">kontaktide leht<\/a>\u00a0v\u00f5i saatke meile e-kiri aadressil\u00a0<a href=\"https:\/\/facebook.com\/HookahShop.lt\/\" target=\"_blank\" rel=\"noopener noreferrer\">Facebooki konto<\/a>\u00a0ja vastame teie taotlusele samal p\u00e4eval.<\/p>\n<p>&nbsp;<\/p>","protected":false},"excerpt":{"rendered":"<p>Yla vesipiibutubakale MAKLAUD Baby Blady Yla on vajalik aksessuaar mugavaks tassi ja vesipiibu seguga t\u00f6\u00f6tamiseks. See mahub mugavalt k\u00e4tte. Elegantne aksessuaar MAKLAUD f\u00e4nnidele. Valmistatud messingist ja kaunistatud fianiitkiviga. Tehnilised andmed: Pikkus: 82mm K\u00e4epideme pikkus: 20mm Kaal: umbes 5g. Kas teil on k\u00fcsimusi? V\u00f5tke meiega \u00fchendust kontaktide lehel v\u00f5i kirjutage meile meie Facebooki kontol ja me vastame teie [\u2026]<\/p>","protected":false},"featured_media":33177,"comment_status":"open","ping_status":"closed","template":"","meta":[],"_links":{"self":[{"href":"https:\/\/hookahshop.lt\/et\/wp-json\/wp\/v2\/product\/33176"}],"collection":[{"href":"https:\/\/hookahshop.lt\/et\/wp-json\/wp\/v2\/product"}],"about":[{"href":"https:\/\/hookahshop.lt\/et\/wp-json\/wp\/v2\/types\/product"}],"replies":[{"embeddable":true,"href":"https:\/\/hookahshop.lt\/et\/wp-json\/wp\/v2\/comments?post=33176"}],"version-history":[{"count":2,"href":"https:\/\/hookahshop.lt\/et\/wp-json\/wp\/v2\/product\/33176\/revisions"}],"predecessor-version":[{"id":37891,"href":"https:\/\/hookahshop.lt\/et\/wp-json\/wp\/v2\/product\/33176\/revisions\/37891"}],"wp:featuredmedia":[{"embeddable":true,"href":"https:\/\/hookahshop.lt\/et\/wp-json\/wp\/v2\/media\/33177"}],"wp:attachment":[{"href":"https:\/\/hookahshop.lt\/et\/wp-json\/wp\/v2\/media?parent=33176"}],"curies":[{"name":"wp","href":"https:\/\/api.w.org\/{rel}","templated":true}]}}