{"id":33185,"date":"2022-08-20T13:34:09","date_gmt":"2022-08-20T10:34:09","guid":{"rendered":"https:\/\/hookahshop.lt\/?post_type=product&#038;p=33185"},"modified":"2026-04-20T13:09:46","modified_gmt":"2026-04-20T10:09:46","slug":"apsauginis-sietelis-kaljanui-white","status":"publish","type":"product","link":"https:\/\/hookahshop.lt\/et\/toode\/kaitsev-soel-piibu-valge-jaoks\/","title":{"rendered":"Kaitsev s\u00f5el vesipiibu jaoks Valge"},"content":{"rendered":"<h2>Kaitsev s\u00f5el vesipiibu jaoks Valge<\/h2>\n<p>Kaitseb p\u00f5randaid, vaipu, m\u00f6\u00f6blit jne. kuumad s\u00f6ed ei p\u00f5letaks teie vara kodus, terrassil suitsetades.<\/p>\n<p><strong>Omadused:<\/strong><\/p>\n<p>Materjal: metall<br \/>\nK\u00f5rgus: 200 mm.<br \/>\nL\u00e4bim\u00f5\u00f5t: 95mm.<br \/>\nKaal: umbes 100 gr.<\/p>\n<p>Kas teil on k\u00fcsimusi? v\u00f5ta meiega \u00fchendust\u00a0<a href=\"https:\/\/hookahshop.lt\/et\/kontaktid\/\">kontaktide leht<\/a>\u00a0v\u00f5i saatke meile e-kiri aadressil\u00a0<a href=\"https:\/\/facebook.com\/HookahShop.lt\/\" target=\"_blank\" rel=\"noopener noreferrer\">Facebooki konto<\/a>\u00a0ja vastame teie taotlusele samal p\u00e4eval.<\/p>","protected":false},"excerpt":{"rendered":"<p>Vesipiibu kaitses\u00f5el Valge Kaitseb p\u00f5randaid, vaipu, m\u00f6\u00f6blit jne. sellest, et k\u00f6etud s\u00f6ed ei p\u00f5leta kodus, terrassil suitsetades su vara. Omadused: Materjal: metall K\u00f5rgus: 200 mm. L\u00e4bim\u00f5\u00f5t: 95mm. Kaal: umbes 100 gr. Kas teil on k\u00fcsimusi? V\u00f5tke meiega \u00fchendust kontaktide lehel v\u00f5i kirjutage meile meie Facebooki kontol ja vastame teie p\u00e4ringule samal p\u00e4eval.<\/p>","protected":false},"featured_media":33186,"comment_status":"open","ping_status":"closed","template":"","meta":[],"_links":{"self":[{"href":"https:\/\/hookahshop.lt\/et\/wp-json\/wp\/v2\/product\/33185"}],"collection":[{"href":"https:\/\/hookahshop.lt\/et\/wp-json\/wp\/v2\/product"}],"about":[{"href":"https:\/\/hookahshop.lt\/et\/wp-json\/wp\/v2\/types\/product"}],"replies":[{"embeddable":true,"href":"https:\/\/hookahshop.lt\/et\/wp-json\/wp\/v2\/comments?post=33185"}],"version-history":[{"count":3,"href":"https:\/\/hookahshop.lt\/et\/wp-json\/wp\/v2\/product\/33185\/revisions"}],"predecessor-version":[{"id":33190,"href":"https:\/\/hookahshop.lt\/et\/wp-json\/wp\/v2\/product\/33185\/revisions\/33190"}],"wp:featuredmedia":[{"embeddable":true,"href":"https:\/\/hookahshop.lt\/et\/wp-json\/wp\/v2\/media\/33186"}],"wp:attachment":[{"href":"https:\/\/hookahshop.lt\/et\/wp-json\/wp\/v2\/media?parent=33185"}],"curies":[{"name":"wp","href":"https:\/\/api.w.org\/{rel}","templated":true}]}}