{"id":33206,"date":"2022-08-20T15:04:49","date_gmt":"2022-08-20T12:04:49","guid":{"rendered":"https:\/\/hookahshop.lt\/?post_type=product&#038;p=33206"},"modified":"2026-04-18T23:29:18","modified_gmt":"2026-04-18T20:29:18","slug":"kaljanas-mamay-customs-coilover-mini-space","status":"publish","type":"product","link":"https:\/\/hookahshop.lt\/et\/toode\/vesipiibu-mamay-toll-coilover-mini-ruum\/","title":{"rendered":"Vesipiip MAMAY Customs Coilover Mini Space"},"content":{"rendered":"<h2>Vesipiip MAMAY Customs Coilover Mini Space<\/h2>\n<p>See on tuttav enamikule vesipiibu entusiastidest, sest see on juba tuntud kogu maailmas. Mamay br\u00e4nd pole mitte ainult k\u00f5rgetasemeline vesipiip Venemaal, vaid Mamay Customs on populaarsust kogunud ka kogu Euroopas. Selle p\u00f5hjuseks on ilmselt suurep\u00e4rane kontseptsioon ja kvaliteet. Vesipiip on valmistatud roostevabast terasest ja plastkomponentidest ning sellel on ka vooliku\u00fchendus, nagu Venemaalt p\u00e4rit vesipiipudele tavaks. Lisaks vooliku\u00fchendusele on v\u00f5llis veel kaks komponenti. Esiteks v\u00e4ljapuhumisventiil ja vooliku pistik, mida kasutatakse voolikuhoidjana. Vesipiibul on roostevabast terasest vars, mis on kaetud plastikuga, kuid see pole veel k\u00f5ik! Varre \u00fcmber on auto amortisaatori imitatsioon, mis on ebatavaline disainidetail, mida v\u00f5ib olla erinevates v\u00e4rvides.<\/p>\n<p><strong>Spetsifikatsioon:<\/strong><\/p>\n<p>Materjal: roostevaba teras, plastik.<br \/>\nHajuti: jah<br \/>\nK\u00f5rgus: 50 cm<\/p>\n<p><strong>Varustus:<\/strong><\/p>\n<ul>\n<li>Vesipiibu v\u00f5ll, plaat;<\/li>\n<li>huulik;<\/li>\n<li>Tihendid.<\/li>\n<\/ul>\n<p><em><strong>Lisaks peate ostma: vooliku ja kolbi.<\/strong><\/em><\/p>\n<p><img decoding=\"async\" loading=\"lazy\" class=\"alignnone size-medium wp-image-38522\" src=\"https:\/\/hookahshop.lt\/wp-content\/uploads\/2020\/09\/stiebas-kandiklis-1-300x273.jpg\" alt=\"- hookahshop.lt\" width=\"300\" height=\"273\" srcset=\"https:\/\/hookahshop.lt\/wp-content\/uploads\/2020\/09\/stiebas-kandiklis-1-300x273.jpg 300w, https:\/\/hookahshop.lt\/wp-content\/uploads\/2020\/09\/stiebas-kandiklis-1-13x12.jpg 13w, https:\/\/hookahshop.lt\/wp-content\/uploads\/2020\/09\/stiebas-kandiklis-1-64x58.jpg 64w, https:\/\/hookahshop.lt\/wp-content\/uploads\/2020\/09\/stiebas-kandiklis-1.jpg 420w\" sizes=\"(max-width: 300px) 100vw, 300px\" title=\"\"><\/p>\n<p>Kas teil on k\u00fcsimusi? v\u00f5ta meiega \u00fchendust\u00a0<a href=\"https:\/\/hookahshop.lt\/et\/kontaktid\/\">kontaktide leht<\/a>\u00a0v\u00f5i saatke meile e-kiri aadressil\u00a0<a href=\"https:\/\/facebook.com\/HookahShop.lt\/\" target=\"_blank\" rel=\"noopener noreferrer\">Facebooki konto<\/a>\u00a0ja vastame teie taotlusele samal p\u00e4eval.<\/p>","protected":false},"excerpt":{"rendered":"<p>Vesipiibu MAMAY Customs Coilover Mini Space Tuntud enamikule vesipiibu entusiastidest, kuna see on juba tuntud kogu maailmas. Mamay br\u00e4nd pole mitte ainult k\u00f5rgetasemeline vesipiip Venemaal, vaid Mamay Customs on populaarsust kogunud ka kogu Euroopas. Selle p\u00f5hjuseks on ilmselt suurep\u00e4rane kontseptsioon ja kvaliteet. Vesipiip on valmistatud roostevabast terasest ja plastkomponentidest, sellel on ka voolik [\u2026]<\/p>","protected":false},"featured_media":33207,"comment_status":"open","ping_status":"closed","template":"","meta":[],"_links":{"self":[{"href":"https:\/\/hookahshop.lt\/et\/wp-json\/wp\/v2\/product\/33206"}],"collection":[{"href":"https:\/\/hookahshop.lt\/et\/wp-json\/wp\/v2\/product"}],"about":[{"href":"https:\/\/hookahshop.lt\/et\/wp-json\/wp\/v2\/types\/product"}],"replies":[{"embeddable":true,"href":"https:\/\/hookahshop.lt\/et\/wp-json\/wp\/v2\/comments?post=33206"}],"version-history":[{"count":5,"href":"https:\/\/hookahshop.lt\/et\/wp-json\/wp\/v2\/product\/33206\/revisions"}],"predecessor-version":[{"id":36353,"href":"https:\/\/hookahshop.lt\/et\/wp-json\/wp\/v2\/product\/33206\/revisions\/36353"}],"wp:featuredmedia":[{"embeddable":true,"href":"https:\/\/hookahshop.lt\/et\/wp-json\/wp\/v2\/media\/33207"}],"wp:attachment":[{"href":"https:\/\/hookahshop.lt\/et\/wp-json\/wp\/v2\/media?parent=33206"}],"curies":[{"name":"wp","href":"https:\/\/api.w.org\/{rel}","templated":true}]}}