{"id":33416,"date":"2022-09-15T13:20:58","date_gmt":"2022-09-15T10:20:58","guid":{"rendered":"https:\/\/hookahshop.lt\/?post_type=product&#038;p=33416"},"modified":"2026-04-15T23:29:25","modified_gmt":"2026-04-15T20:29:25","slug":"taurele-kaljanui-oblako-mono-killer-black","status":"publish","type":"product","link":"https:\/\/hookahshop.lt\/et\/toode\/tass-vesipiip-pilv-monotapja-must\/","title":{"rendered":"Tass vesipiibule OBLAKO Mono Killer Black"},"content":{"rendered":"<h2>Tass vesipiibule OBLAKO Mono Killer Black<\/h2>\n<p>See on Oblako uuendatud toode. Vihmaefektiga monoliitne glasuurtops.<br \/>\nT\u00e4nu tassi madalale s\u00fcgavusele ja laiusele kuumeneb vesipiibusegu \u00fchtlaselt \u00fcle kogu ala, mis v\u00f5imaldab maksimaalset nikotiini \u00fclekandmist ja annab suitsetamisel maksimaalse tugevuse. Tass on valmistatud madala temperatuuriga v\u00e4rvilisest portselanist, t\u00f6\u00f6ala on kaetud valge glasuuriga.<br \/>\nTassit\u00e4is tubakat mahutab 18\u201321 g.<\/p>\n<p>Spetsifikatsioonid:<br \/>\nK\u00f5rgus: 111 mm<br \/>\nL\u00e4bim\u00f5\u00f5t (v\u00e4limine): 74 mm<br \/>\nL\u00e4bim\u00f5\u00f5t (sisemine): 61 mm<br \/>\nS\u00fcgavus: 13mm<br \/>\nAva l\u00e4bim\u00f5\u00f5t: 7 mm<br \/>\nAukude arv: 5 tk<br \/>\nKaal: umbes 197 g.<\/p>\n<p>Kas teil on k\u00fcsimusi? v\u00f5ta meiega \u00fchendust\u00a0<a href=\"https:\/\/hookahshop.lt\/et\/kontaktid\/\">kontaktide leht<\/a>\u00a0v\u00f5i saatke meile e-kiri aadressil\u00a0<a href=\"https:\/\/facebook.com\/HookahShop.lt\/\" target=\"_blank\" rel=\"noopener noreferrer\">Facebooki konto<\/a>\u00a0ja vastame teie taotlusele samal p\u00e4eval.<\/p>","protected":false},"excerpt":{"rendered":"<p>Vesipiibu tass OBLAKO Mono Killer Black See on Oblako ettev\u00f5tte uuenenud toode. Monoliitv\u00e4rviline vihmaefektiga glasuurtops. T\u00e4nu tassi v\u00e4ikesele s\u00fcgavusele ja laiusele kuumeneb vesipiibusegu \u00fchtlaselt \u00fcle kogu ala, mis v\u00f5imaldab maksimaalset nikotiini kohaletoimetamist ja annab suitsetamisel maksimaalse tugevuse. Tass on valmistatud madala temperatuuriga v\u00e4rvilisest portselanist, t\u00f6\u00f6ala on kaetud valge glasuuriga. Tass [\u2026]<\/p>","protected":false},"featured_media":33420,"comment_status":"open","ping_status":"closed","template":"","meta":[],"_links":{"self":[{"href":"https:\/\/hookahshop.lt\/et\/wp-json\/wp\/v2\/product\/33416"}],"collection":[{"href":"https:\/\/hookahshop.lt\/et\/wp-json\/wp\/v2\/product"}],"about":[{"href":"https:\/\/hookahshop.lt\/et\/wp-json\/wp\/v2\/types\/product"}],"replies":[{"embeddable":true,"href":"https:\/\/hookahshop.lt\/et\/wp-json\/wp\/v2\/comments?post=33416"}],"version-history":[{"count":4,"href":"https:\/\/hookahshop.lt\/et\/wp-json\/wp\/v2\/product\/33416\/revisions"}],"predecessor-version":[{"id":33437,"href":"https:\/\/hookahshop.lt\/et\/wp-json\/wp\/v2\/product\/33416\/revisions\/33437"}],"wp:featuredmedia":[{"embeddable":true,"href":"https:\/\/hookahshop.lt\/et\/wp-json\/wp\/v2\/media\/33420"}],"wp:attachment":[{"href":"https:\/\/hookahshop.lt\/et\/wp-json\/wp\/v2\/media?parent=33416"}],"curies":[{"name":"wp","href":"https:\/\/api.w.org\/{rel}","templated":true}]}}