{"id":33423,"date":"2022-09-15T13:56:16","date_gmt":"2022-09-15T10:56:16","guid":{"rendered":"https:\/\/hookahshop.lt\/?post_type=product&#038;p=33423"},"modified":"2026-04-18T23:29:18","modified_gmt":"2026-04-18T20:29:18","slug":"znyples-kaljano-anglims-alpha-hookah-x-s","status":"publish","type":"product","link":"https:\/\/hookahshop.lt\/et\/toode\/nibud-vesipiip-susi-alfa-vesipiip-xs\/","title":{"rendered":"Tangid vesipiibu ALPHA HOOKAH X S"},"content":{"rendered":"<h2>Tangid vesipiibu ALPHA HOOKAH X S<\/h2>\n<p>Stiilne, kompaktne suurus ja eksklusiivsed tangid, mille on loonud tuntud vesipiibuturu tootja Alpha Hookah. Tangid on valmistatud ka kvaliteetsest roostevabast terasest ja kaetud pulberv\u00e4rviga. Tangid eristuvad autorigraveeringu j\u00e4rgi.<\/p>\n<p><strong>Omadused:<\/strong><br \/>\nV\u00e4rvus must<br \/>\nMaterjal: roostevaba teras<br \/>\nPikkus: 18 cm<\/p>\n<p>Kas teil on k\u00fcsimusi? v\u00f5ta meiega \u00fchendust\u00a0<a href=\"https:\/\/hookahshop.lt\/et\/kontaktid\/\">kontaktide leht<\/a>\u00a0v\u00f5i saatke meile e-kiri aadressil\u00a0<a href=\"https:\/\/facebook.com\/HookahShop.lt\/\" target=\"_blank\" rel=\"noopener noreferrer\">Facebooki konto<\/a>\u00a0ja vastame teie taotlusele samal p\u00e4eval.<\/p>","protected":false},"excerpt":{"rendered":"<p>Tangid vesipiibu s\u00f6e jaoks ALPHA HOOKAH XS Stiilsed, kompaktse suurusega ja eksklusiivsed tangid, mille on loonud tuntud vesipiibutootja Alpha Hookah. Tangid on valmistatud ka kvaliteetsest roostevabast terasest ja pulberv\u00e4rvitud. Tangid eristuvad nende originaalse graveeringu poolest. Omadused: V\u00e4rv: Must Materjal: Roostevaba teras Pikkus: 18 cm Kas teil on k\u00fcsimusi? V\u00f5tke meiega \u00fchendust kontaktide lehel v\u00f5i kirjutage meile meie Facebooki kontol ja me vastame [\u2026]<\/p>","protected":false},"featured_media":33424,"comment_status":"open","ping_status":"closed","template":"","meta":[],"_links":{"self":[{"href":"https:\/\/hookahshop.lt\/et\/wp-json\/wp\/v2\/product\/33423"}],"collection":[{"href":"https:\/\/hookahshop.lt\/et\/wp-json\/wp\/v2\/product"}],"about":[{"href":"https:\/\/hookahshop.lt\/et\/wp-json\/wp\/v2\/types\/product"}],"replies":[{"embeddable":true,"href":"https:\/\/hookahshop.lt\/et\/wp-json\/wp\/v2\/comments?post=33423"}],"version-history":[{"count":4,"href":"https:\/\/hookahshop.lt\/et\/wp-json\/wp\/v2\/product\/33423\/revisions"}],"predecessor-version":[{"id":45717,"href":"https:\/\/hookahshop.lt\/et\/wp-json\/wp\/v2\/product\/33423\/revisions\/45717"}],"wp:featuredmedia":[{"embeddable":true,"href":"https:\/\/hookahshop.lt\/et\/wp-json\/wp\/v2\/media\/33424"}],"wp:attachment":[{"href":"https:\/\/hookahshop.lt\/et\/wp-json\/wp\/v2\/media?parent=33423"}],"curies":[{"name":"wp","href":"https:\/\/api.w.org\/{rel}","templated":true}]}}