{"id":33484,"date":"2022-09-19T18:09:04","date_gmt":"2022-09-19T15:09:04","guid":{"rendered":"https:\/\/hookahshop.lt\/?post_type=product&#038;p=33484"},"modified":"2026-04-18T23:29:18","modified_gmt":"2026-04-18T20:29:18","slug":"taurele-kaljanui-kong-phunnel-godzillava","status":"publish","type":"product","link":"https:\/\/hookahshop.lt\/et\/toode\/tass-vesipiip-kong-phunnel-godzillava\/","title":{"rendered":"Tass vesipiibule KONG Phunnel Godzillava"},"content":{"rendered":"<h2>Tass vesipiibule KONG Phunnel Godzillava<\/h2>\n<p>Erksa ja ebatavalise v\u00e4rviga phunnel-t\u00fc\u00fcpi tupp. See ainulaadse kuju ja v\u00e4rvikombinatsiooniga vesipiibutops paistab silma oma kvaliteedi ja edasiantava maitseomaduste poolest. Sellel savitassil on \u00f5hukesed seinad, mis v\u00f5imaldavad teil kuumust h\u00f5lpsalt kontrollida ja vesipiibu t\u00e4it naudingut nautida. Kvaliteetne Kong Cup pole mitte ainult ainulaadse disainiga, vaid sellel on ka kauakestvad omadused. \u00d5hukesed seinad ei t\u00e4henda, et tassist hakkaks peagi siirupit lekkima, sest Kongi firma tagab nende topside kauakestvuse.<\/p>\n<p>Mahutavus: 18-23g.<\/p>\n<p><strong>Omadused:<\/strong><br \/>\nK\u00f5rgus: 113 mm<br \/>\nL\u00e4bim\u00f5\u00f5t (v\u00e4limine): 79 mm<br \/>\nL\u00e4bim\u00f5\u00f5t (sisemine): 67 mm<br \/>\nS\u00fcgavus: 16mm<br \/>\nAva l\u00e4bim\u00f5\u00f5t: 17 mm<br \/>\nAukude arv: 1<br \/>\nKaal: umbes 210 g.<\/p>\n<p>Kas teil on k\u00fcsimusi? v\u00f5ta meiega \u00fchendust\u00a0<a href=\"https:\/\/hookahshop.lt\/et\/kontaktid\/\">kontaktide leht<\/a>\u00a0v\u00f5i saatke meile e-kiri aadressil\u00a0<a href=\"https:\/\/facebook.com\/HookahShop.lt\/\" target=\"_blank\" rel=\"noopener noreferrer\">Facebooki konto<\/a>\u00a0ja vastame teie taotlusele samal p\u00e4eval.<\/p>","protected":false},"excerpt":{"rendered":"<p>Vesipiibu tass KONG Phunnel Godzillava Ere ja ebatavalise v\u00e4rviga phunnel t\u00fc\u00fcpi tass. See ainulaadse kuju ja v\u00e4rvikombinatsiooniga vesipiibutops paistab silma oma kvaliteedi ja edasiantud maitseomaduste poolest. Sellel savitassil on \u00f5hukesed seinad, mis v\u00f5imaldavad teil kuumust h\u00f5lpsalt kontrollida ja vesipiibu t\u00e4it naudingut nautida. Kvaliteetne Kong Cup pole mitte ainult eksklusiivne disain, vaid ka [\u2026]<\/p>","protected":false},"featured_media":33485,"comment_status":"open","ping_status":"closed","template":"","meta":[],"_links":{"self":[{"href":"https:\/\/hookahshop.lt\/et\/wp-json\/wp\/v2\/product\/33484"}],"collection":[{"href":"https:\/\/hookahshop.lt\/et\/wp-json\/wp\/v2\/product"}],"about":[{"href":"https:\/\/hookahshop.lt\/et\/wp-json\/wp\/v2\/types\/product"}],"replies":[{"embeddable":true,"href":"https:\/\/hookahshop.lt\/et\/wp-json\/wp\/v2\/comments?post=33484"}],"version-history":[{"count":3,"href":"https:\/\/hookahshop.lt\/et\/wp-json\/wp\/v2\/product\/33484\/revisions"}],"predecessor-version":[{"id":45663,"href":"https:\/\/hookahshop.lt\/et\/wp-json\/wp\/v2\/product\/33484\/revisions\/45663"}],"wp:featuredmedia":[{"embeddable":true,"href":"https:\/\/hookahshop.lt\/et\/wp-json\/wp\/v2\/media\/33485"}],"wp:attachment":[{"href":"https:\/\/hookahshop.lt\/et\/wp-json\/wp\/v2\/media?parent=33484"}],"curies":[{"name":"wp","href":"https:\/\/api.w.org\/{rel}","templated":true}]}}