{"id":33627,"date":"2022-09-30T18:48:58","date_gmt":"2022-09-30T15:48:58","guid":{"rendered":"https:\/\/hookahshop.lt\/?post_type=product&#038;p=33627"},"modified":"2026-04-15T23:29:26","modified_gmt":"2026-04-15T20:29:26","slug":"krepsys-kaljanui-vyro-one-17cm","status":"publish","type":"product","link":"https:\/\/hookahshop.lt\/et\/toode\/vesipiibu-kott-meestele-uks-17cm\/","title":{"rendered":"KOTT VESIPIIBU VYRO ONE 17cm"},"content":{"rendered":"<h2>KOTT VESIPIIBU VYRO ONE 17cm<\/h2>\n<p>Spetsiaalselt Aeon VYRO One vesipiipude seeria jaoks loodud selles on piisavalt ruumi k\u00f5igi vajalike tarvikute jaoks. MEESTE reisikotis on piisavalt ruumi teie Aeon One'i vesipiibu, vooliku, huuliku, tassi, kuumutuskambri, tassi ettevalmistamise t\u00f6\u00f6riistade ja s\u00f6e jaoks.<\/p>\n<p><strong>Spetsifikatsioonid:<\/strong><br \/>\nM\u00f5\u00f5dud: 20x22cm<br \/>\nK\u00f5rgus: 17 cm<br \/>\nKaal: 190g<\/p>\n<p>Kas teil on k\u00fcsimusi? v\u00f5ta meiega \u00fchendust\u00a0<a href=\"https:\/\/hookahshop.lt\/et\/kontaktid\/\">kontaktide leht<\/a>\u00a0v\u00f5i saatke meile e-kiri aadressil\u00a0<a href=\"https:\/\/facebook.com\/HookahShop.lt\/\" target=\"_blank\" rel=\"noopener noreferrer\">Facebooki konto<\/a>\u00a0ja vastame teie taotlusele samal p\u00e4eval.<\/p>","protected":false},"excerpt":{"rendered":"<p>Vesipiibu kott VYRO ONE 17cm Spetsiaalselt disainitud Aeon VYRO One seeria vesipiipudele ja selles on piisavalt ruumi k\u00f5ikidele vajalikele tarvikutele. MEESTE reisikotis on piisavalt ruumi teie Aeon One&#039;i vesipiibu, vooliku, huuliku, tassi, kuumutuskambri, tassi ettevalmistamise t\u00f6\u00f6riistade ja s\u00f6e jaoks. Tehnilised andmed: M\u00f5\u00f5dud: 20x22cm K\u00f5rgus: 17cm Kaal: 190g K\u00fcsimused? V\u00f5tke meiega \u00fchendust kontaktide lehel v\u00f5i kirjutage [\u2026]<\/p>","protected":false},"featured_media":33628,"comment_status":"open","ping_status":"closed","template":"","meta":[],"_links":{"self":[{"href":"https:\/\/hookahshop.lt\/et\/wp-json\/wp\/v2\/product\/33627"}],"collection":[{"href":"https:\/\/hookahshop.lt\/et\/wp-json\/wp\/v2\/product"}],"about":[{"href":"https:\/\/hookahshop.lt\/et\/wp-json\/wp\/v2\/types\/product"}],"replies":[{"embeddable":true,"href":"https:\/\/hookahshop.lt\/et\/wp-json\/wp\/v2\/comments?post=33627"}],"version-history":[{"count":3,"href":"https:\/\/hookahshop.lt\/et\/wp-json\/wp\/v2\/product\/33627\/revisions"}],"predecessor-version":[{"id":33657,"href":"https:\/\/hookahshop.lt\/et\/wp-json\/wp\/v2\/product\/33627\/revisions\/33657"}],"wp:featuredmedia":[{"embeddable":true,"href":"https:\/\/hookahshop.lt\/et\/wp-json\/wp\/v2\/media\/33628"}],"wp:attachment":[{"href":"https:\/\/hookahshop.lt\/et\/wp-json\/wp\/v2\/media?parent=33627"}],"curies":[{"name":"wp","href":"https:\/\/api.w.org\/{rel}","templated":true}]}}