{"id":33665,"date":"2022-10-01T17:39:37","date_gmt":"2022-10-01T14:39:37","guid":{"rendered":"https:\/\/hookahshop.lt\/?post_type=product&#038;p=33665"},"modified":"2026-04-06T23:29:26","modified_gmt":"2026-04-06T20:29:26","slug":"kaljanas-alpha-hookah-misha-nardo-grey","status":"publish","type":"product","link":"https:\/\/hookahshop.lt\/et\/toode\/vesipiip-alpha-hookah-misha-nardo-grey\/","title":{"rendered":"VESIPIIP ALPHA HOOKAH Misha Nardo Grey"},"content":{"rendered":"<h2>VESIPIIP ALPHA HOOKAH Misha Nardo Grey<\/h2>\n<p>Elegantne, minimalistlik ja kvaliteetne tugeva t\u00e4navastiiliga vesipiip. \u00d6konoomne valik, mille tegi Alpha Hookah, maailma juhtiv vesipiibu kaubam\u00e4rk ja selle autentse vesipiibu tootja.<br \/>\nSee on valmistatud kvaliteetsest roostevabast terasest ja pol\u00fcatsetaalist, mis tagab vastupidavuse oma omadusi kaotamata. Kahtlemata on selle vesipiibu \u00fcks suurimaid eeliseid selle eriline disain linna stiilis graveeringutega, nagu oleks tegemist t\u00e4navamaaliga. Vesipiibuplaat on valmistatud roostevabast terasest ja kaetud musta pulberv\u00e4rviga koos spetsiaalse Misha Rebeli graveeringuga. Taldriku huvitav omadus on see, et sellel on kaubam\u00e4rgi logoga v\u00f5tmehoidja, mis annab sellele m\u00e4ssumeelse ja muretu puudutuse.<br \/>\nHuulikul on omakorda ergonoomiline kuju, mis muudab selle kasutamise palju lihtsamaks.<\/p>\n<p><strong>Varustus:<\/strong><br \/>\nV\u00f5lli<br \/>\nPlaat<br \/>\nSilikoonvoolik<br \/>\nHuulik<br \/>\nHajuti<br \/>\nKolb<\/p>\n<p><img decoding=\"async\" loading=\"lazy\" class=\"alignnone size-medium wp-image-38520\" src=\"https:\/\/hookahshop.lt\/wp-content\/uploads\/2020\/09\/stiebas-kolba-zarna-kandiklis-1-300x273.jpg\" alt=\"- hookahshop.lt\" width=\"300\" height=\"273\" srcset=\"https:\/\/hookahshop.lt\/wp-content\/uploads\/2020\/09\/stiebas-kolba-zarna-kandiklis-1-300x273.jpg 300w, https:\/\/hookahshop.lt\/wp-content\/uploads\/2020\/09\/stiebas-kolba-zarna-kandiklis-1-13x12.jpg 13w, https:\/\/hookahshop.lt\/wp-content\/uploads\/2020\/09\/stiebas-kolba-zarna-kandiklis-1-64x58.jpg 64w, https:\/\/hookahshop.lt\/wp-content\/uploads\/2020\/09\/stiebas-kolba-zarna-kandiklis-1.jpg 420w\" sizes=\"(max-width: 300px) 100vw, 300px\" title=\"\"><\/p>\n<p><strong>Spetsifikatsioonid:<\/strong><br \/>\nK\u00f5rgus \u2013 35,5 cm<br \/>\nL\u00e4bim\u00f5\u00f5t \u2013 15,9 cm<br \/>\nV\u00f5lli l\u00e4bim\u00f5\u00f5t \u2013 11 mm<\/p>\n<p>Materjal: roostevaba teras, alumiinium, pol\u00fcatsetaal.<\/p>\n<p>Kas teil on k\u00fcsimusi? v\u00f5ta meiega \u00fchendust\u00a0<a href=\"https:\/\/hookahshop.lt\/et\/kontaktid\/\">kontaktide leht<\/a>\u00a0v\u00f5i saatke meile e-kiri aadressil\u00a0<a href=\"https:\/\/facebook.com\/HookahShop.lt\/\" target=\"_blank\" rel=\"noopener noreferrer\">Facebooki konto<\/a>\u00a0ja vastame teie taotlusele samal p\u00e4eval.<\/p>","protected":false},"excerpt":{"rendered":"<p>Vesipiip ALPHA HOOKAH Misha Nardo Grey Elegantne, minimalistlik ja kvaliteetne tugeva t\u00e4navastiiliga vesipiip. \u00d6konoomne valik, mille tegi Alpha Hookah, maailma juhtiv vesipiibu kaubam\u00e4rk ja selle autentse vesipiibu tootja. See on valmistatud kvaliteetsest roostevabast terasest ja pol\u00fcatsetaalist, mis tagab vastupidavuse oma omadusi kaotamata. Kahtlemata on selle vesipiibu \u00fcks suurimaid eeliseid [\u2026]<\/p>","protected":false},"featured_media":33666,"comment_status":"open","ping_status":"closed","template":"","meta":[],"_links":{"self":[{"href":"https:\/\/hookahshop.lt\/et\/wp-json\/wp\/v2\/product\/33665"}],"collection":[{"href":"https:\/\/hookahshop.lt\/et\/wp-json\/wp\/v2\/product"}],"about":[{"href":"https:\/\/hookahshop.lt\/et\/wp-json\/wp\/v2\/types\/product"}],"replies":[{"embeddable":true,"href":"https:\/\/hookahshop.lt\/et\/wp-json\/wp\/v2\/comments?post=33665"}],"version-history":[{"count":6,"href":"https:\/\/hookahshop.lt\/et\/wp-json\/wp\/v2\/product\/33665\/revisions"}],"predecessor-version":[{"id":37006,"href":"https:\/\/hookahshop.lt\/et\/wp-json\/wp\/v2\/product\/33665\/revisions\/37006"}],"wp:featuredmedia":[{"embeddable":true,"href":"https:\/\/hookahshop.lt\/et\/wp-json\/wp\/v2\/media\/33666"}],"wp:attachment":[{"href":"https:\/\/hookahshop.lt\/et\/wp-json\/wp\/v2\/media?parent=33665"}],"curies":[{"name":"wp","href":"https:\/\/api.w.org\/{rel}","templated":true}]}}