{"id":33708,"date":"2022-10-04T21:32:38","date_gmt":"2022-10-04T18:32:38","guid":{"rendered":"https:\/\/hookahshop.lt\/?post_type=product&#038;p=33708"},"modified":"2026-04-18T23:29:18","modified_gmt":"2026-04-18T20:29:18","slug":"sirupo-gaudykle-ocean-stainless-steel-black","status":"publish","type":"product","link":"https:\/\/hookahshop.lt\/et\/toode\/siirupiloks-ocean-stainless-steel-black\/","title":{"rendered":"SIIRUPIL\u00d5KS OCEAN Stainless Steel Black"},"content":{"rendered":"<h2>SIIRUPIL\u00d5KS OCEAN Stainless Steel Black<\/h2>\n<p>Sobib igale vesipiibule, kinnitatud klaasi alla. Hoiab kolvis oleva vee puhta ja v\u00e4rske. M\u00e4rkamatu, lihtne disain. See siirupip\u00fc\u00fcnis on valmistatud t\u00e4ielikult metallist, muutes selle vastupidavamaks. Takistab tubakalehtede ja siirupi sattumist kolbi ja vesipiibu varre. Hoiab \u00e4ra kolbi kollaseks muutumise, mis on eriti oluline vesipiibu serveerimisel laual olevas vesipiibus. N\u00fc\u00fcd ei pea te vesipiipu pesema iga kord, kui tassi vahetate, et eemaldada p\u00f5hjas olevad siirup ja tubakalehed.<\/p>\n<p><strong>Omadused:<\/strong><br \/>\nK\u00f5rgus: 62mm<br \/>\nL\u00e4bim\u00f5\u00f5t (v\u00e4limine): 45 mm<br \/>\nL\u00e4bim\u00f5\u00f5t (sisemine): 38mm<br \/>\nMaterjal: roostevaba teras<\/p>\n<p>Kas teil on k\u00fcsimusi? v\u00f5ta meiega \u00fchendust\u00a0<a href=\"https:\/\/hookahshop.lt\/et\/kontaktid\/\">kontaktide leht<\/a>\u00a0v\u00f5i saatke meile e-kiri aadressil\u00a0<a href=\"https:\/\/facebook.com\/HookahShop.lt\/\" target=\"_blank\" rel=\"noopener noreferrer\">Facebooki konto<\/a>\u00a0ja vastame teie taotlusele samal p\u00e4eval.<\/p>","protected":false},"excerpt":{"rendered":"<p>Siirupip\u00fc\u00fcnis OCEAN Roostevaba teras Must Sobib igale vesipiibule, kinnitatud klaasi alla. Hoiab kolvis oleva vee puhta ja v\u00e4rske. M\u00e4rkamatu, lihtne disain. See siirupip\u00fc\u00fcnis on valmistatud t\u00e4ielikult metallist, muutes selle vastupidavamaks. Takistab tubakalehtede ja siirupi sattumist kolbi ja vesipiibu varre. Hoiab \u00e4ra kolbi kollaseks muutumise, mis on eriti oluline vesipiibu serveerimisel [\u2026]<\/p>","protected":false},"featured_media":33709,"comment_status":"open","ping_status":"closed","template":"","meta":[],"_links":{"self":[{"href":"https:\/\/hookahshop.lt\/et\/wp-json\/wp\/v2\/product\/33708"}],"collection":[{"href":"https:\/\/hookahshop.lt\/et\/wp-json\/wp\/v2\/product"}],"about":[{"href":"https:\/\/hookahshop.lt\/et\/wp-json\/wp\/v2\/types\/product"}],"replies":[{"embeddable":true,"href":"https:\/\/hookahshop.lt\/et\/wp-json\/wp\/v2\/comments?post=33708"}],"version-history":[{"count":3,"href":"https:\/\/hookahshop.lt\/et\/wp-json\/wp\/v2\/product\/33708\/revisions"}],"predecessor-version":[{"id":33720,"href":"https:\/\/hookahshop.lt\/et\/wp-json\/wp\/v2\/product\/33708\/revisions\/33720"}],"wp:featuredmedia":[{"embeddable":true,"href":"https:\/\/hookahshop.lt\/et\/wp-json\/wp\/v2\/media\/33709"}],"wp:attachment":[{"href":"https:\/\/hookahshop.lt\/et\/wp-json\/wp\/v2\/media?parent=33708"}],"curies":[{"name":"wp","href":"https:\/\/api.w.org\/{rel}","templated":true}]}}