{"id":33713,"date":"2022-10-04T22:12:49","date_gmt":"2022-10-04T19:12:49","guid":{"rendered":"https:\/\/hookahshop.lt\/?post_type=product&#038;p=33713"},"modified":"2026-04-14T23:29:31","modified_gmt":"2026-04-14T20:29:31","slug":"karscio-kamera-ocean-v2-black","status":"publish","type":"product","link":"https:\/\/hookahshop.lt\/et\/toode\/termokaamera-ookean-v2-must\/","title":{"rendered":"SOOJUSKAAMERA OCEAN V2 Black"},"content":{"rendered":"<h2>SOOJUSKAAMERA OCEAN V2 Black<\/h2>\n<p>Muljetavaldav disain kontrastsetes v\u00e4rvides graveeringutega. Roostevaba terase CNC treimine. Sees kaunistab LIT HMD p\u00f5hja Ocean Hookah kompassiroos. Samas tagab see t\u00e4nu kergele t\u00f5usule piisava hapniku j\u00f5udmise h\u00f5\u00f5guva s\u00f6e p\u00f5hja. Soojuskambril on v\u00e4ga praktiline sissepoole kaldus s\u00fcsiniku serv.<\/p>\n<p><strong>Spetsifikatsioonid:<\/strong><br \/>\nV\u00e4lisl\u00e4bim\u00f5\u00f5t: 72 mm<br \/>\nK\u00f5rgus: 28 mm<br \/>\nKaal: 163 g.<br \/>\nMaterjal: roostevaba teras<\/p>\n<p>Uuendus: suuremad augud + libisemiskindel serv!<\/p>\n<p>&nbsp;<\/p>\n<p>Kas teil on k\u00fcsimusi? v\u00f5ta meiega \u00fchendust\u00a0<a href=\"https:\/\/hookahshop.lt\/et\/kontaktid\/\">kontaktide leht<\/a>\u00a0v\u00f5i saatke meile e-kiri aadressil\u00a0<a href=\"https:\/\/facebook.com\/HookahShop.lt\/\" target=\"_blank\" rel=\"noopener noreferrer\">Facebooki konto<\/a>\u00a0ja vastame teie taotlusele samal p\u00e4eval.<\/p>","protected":false},"excerpt":{"rendered":"<p>Soojuskaamera OCEAN V2 Must Muljetavaldav disain kontrastsetes v\u00e4rvides graveeringutega. Roostevaba terase CNC treimine. Sees kaunistab LIT HMD p\u00f5hja Ocean Hookah kompassiroos. Samas tagab see t\u00e4nu kergele t\u00f5usule piisava hapniku j\u00f5udmise h\u00f5\u00f5guva s\u00f6e p\u00f5hja. Soojuskambril on v\u00e4ga praktiline sissepoole kaldus s\u00fcsiniku serv. Tehnilised andmed: v\u00e4lisl\u00e4bim\u00f5\u00f5t: 72 [\u2026]<\/p>","protected":false},"featured_media":33714,"comment_status":"open","ping_status":"closed","template":"","meta":[],"_links":{"self":[{"href":"https:\/\/hookahshop.lt\/et\/wp-json\/wp\/v2\/product\/33713"}],"collection":[{"href":"https:\/\/hookahshop.lt\/et\/wp-json\/wp\/v2\/product"}],"about":[{"href":"https:\/\/hookahshop.lt\/et\/wp-json\/wp\/v2\/types\/product"}],"replies":[{"embeddable":true,"href":"https:\/\/hookahshop.lt\/et\/wp-json\/wp\/v2\/comments?post=33713"}],"version-history":[{"count":3,"href":"https:\/\/hookahshop.lt\/et\/wp-json\/wp\/v2\/product\/33713\/revisions"}],"predecessor-version":[{"id":40249,"href":"https:\/\/hookahshop.lt\/et\/wp-json\/wp\/v2\/product\/33713\/revisions\/40249"}],"wp:featuredmedia":[{"embeddable":true,"href":"https:\/\/hookahshop.lt\/et\/wp-json\/wp\/v2\/media\/33714"}],"wp:attachment":[{"href":"https:\/\/hookahshop.lt\/et\/wp-json\/wp\/v2\/media?parent=33713"}],"curies":[{"name":"wp","href":"https:\/\/api.w.org\/{rel}","templated":true}]}}