{"id":33727,"date":"2022-10-04T23:38:24","date_gmt":"2022-10-04T20:38:24","guid":{"rendered":"https:\/\/hookahshop.lt\/?post_type=product&#038;p=33727"},"modified":"2026-04-18T23:29:19","modified_gmt":"2026-04-18T20:29:19","slug":"kandiklis-kaljanui-vyro-carbon-red-mini","status":"publish","type":"product","link":"https:\/\/hookahshop.lt\/et\/toode\/huulik-piibu-meestele-susinikpunane-mini\/","title":{"rendered":"VESIPIIBU HUULIK VYRO Carbon Red Mini"},"content":{"rendered":"<h2>VESIPIIBU HUULIK VYRO Carbon Red Mini<\/h2>\n<p>Huulik on suurep\u00e4rane mitte ainult oma kerge kaalu, vaid ka kvaliteetse materjali t\u00f5ttu. See huulik sobib mitte ainult igap\u00e4evaseks kasutamiseks, vaid ka iga vesipiibu ja tavalise silikoonvooliku jaoks.<\/p>\n<p><strong>Spetsifikatsioonid:<\/strong><br \/>\nPikkus: ~ 17 cm<br \/>\nKaal: ~ 73 g<br \/>\nSisemine l\u00e4bim\u00f5\u00f5t: 10 mm<br \/>\nMaterjalid: s\u00fcsinik ja V2A roostevaba teras<\/p>\n<p>&nbsp;<\/p>\n<p>Kas teil on k\u00fcsimusi? v\u00f5ta meiega \u00fchendust\u00a0<a href=\"https:\/\/hookahshop.lt\/et\/kontaktid\/\">kontaktide leht<\/a>\u00a0v\u00f5i saatke meile e-kiri aadressil\u00a0<a href=\"https:\/\/facebook.com\/HookahShop.lt\/\" target=\"_blank\" rel=\"noopener noreferrer\">Facebooki konto<\/a>\u00a0ja vastame teie taotlusele samal p\u00e4eval.<\/p>","protected":false},"excerpt":{"rendered":"<p>Vesipiibu huulik VYRO Carbon Red Mini Huulik on suurep\u00e4rane mitte ainult oma kerge kaalu, vaid ka kvaliteetse materjali t\u00f5ttu. See huulik sobib mitte ainult igap\u00e4evaseks kasutamiseks, vaid ka iga vesipiibu ja tavalise silikoonvooliku jaoks. Tehnilised andmed: Pikkus: ~17 cm Kaal: ~ 73 g Sisel\u00e4bim\u00f5\u00f5t: 10 mm Materjalid: S\u00fcsinik ja V2A roostevaba teras K\u00fcsimused? V\u00f5tke \u00fchendust [\u2026]<\/p>","protected":false},"featured_media":33731,"comment_status":"open","ping_status":"closed","template":"","meta":[],"_links":{"self":[{"href":"https:\/\/hookahshop.lt\/et\/wp-json\/wp\/v2\/product\/33727"}],"collection":[{"href":"https:\/\/hookahshop.lt\/et\/wp-json\/wp\/v2\/product"}],"about":[{"href":"https:\/\/hookahshop.lt\/et\/wp-json\/wp\/v2\/types\/product"}],"replies":[{"embeddable":true,"href":"https:\/\/hookahshop.lt\/et\/wp-json\/wp\/v2\/comments?post=33727"}],"version-history":[{"count":4,"href":"https:\/\/hookahshop.lt\/et\/wp-json\/wp\/v2\/product\/33727\/revisions"}],"predecessor-version":[{"id":33730,"href":"https:\/\/hookahshop.lt\/et\/wp-json\/wp\/v2\/product\/33727\/revisions\/33730"}],"wp:featuredmedia":[{"embeddable":true,"href":"https:\/\/hookahshop.lt\/et\/wp-json\/wp\/v2\/media\/33731"}],"wp:attachment":[{"href":"https:\/\/hookahshop.lt\/et\/wp-json\/wp\/v2\/media?parent=33727"}],"curies":[{"name":"wp","href":"https:\/\/api.w.org\/{rel}","templated":true}]}}