{"id":33813,"date":"2022-10-12T08:54:57","date_gmt":"2022-10-12T05:54:57","guid":{"rendered":"https:\/\/hookahshop.lt\/?post_type=product&#038;p=33813"},"modified":"2026-04-14T23:29:32","modified_gmt":"2026-04-14T20:29:32","slug":"gaubtas-taureles-kaitinimui-ykap-black","status":"publish","type":"product","link":"https:\/\/hookahshop.lt\/et\/toode\/kubu-topsid-kutteks-ykap-black\/","title":{"rendered":"TASS TOPSI SOOJENDAMISEKS YKAP Black"},"content":{"rendered":"<h2>TASS TOPSI SOOJENDAMISEKS YKAP Black<\/h2>\n<p>Kapuutsiga saate vesipiipu nautida ka \u00f5ues, kartmata, et tuul s\u00f6e \u00e4ra puhub. Vajadusel v\u00f5imaldab eemaldatav kate lisada veel s\u00fctt.\nLisaks on see YKAP toode universaalne \u2013 sobib igat t\u00fc\u00fcpi vesipiipudele ja tassidele.\n\nTassi soojendamiseks m\u00f5eldud tassi \"YKAP\" kasutatakse samaaegselt mitmel eesm\u00e4rgil:<br \/>\nKuumuse reguleerimine;<br \/>\npikenenud kivis\u00f6e p\u00f5lemisaeg;<br \/>\nTuulekaitse.<\/p>\n<p>Materjal: roostevaba teras<br \/>\nP\u00e4ritoluriik: Venemaa<\/p>\n<p>Kas teil on k\u00fcsimusi? v\u00f5ta meiega \u00fchendust\u00a0<a href=\"https:\/\/hookahshop.lt\/et\/kontaktid\/\">kontaktide leht<\/a>\u00a0v\u00f5i saatke meile e-kiri aadressil\u00a0<a href=\"https:\/\/facebook.com\/HookahShop.lt\/\" target=\"_blank\" rel=\"noopener noreferrer\">Facebooki konto<\/a>\u00a0ja vastame teie taotlusele samal p\u00e4eval.<\/p>","protected":false},"excerpt":{"rendered":"<p>Kapuuts topside soojendamiseks YKAP Must Kapuutsi kasutades saad vesipiipu nautida ka v\u00e4ljas, kartmata, et tuul s\u00f6ed minema ajab. Eemaldatav kork v\u00f5imaldab teil vajadusel lisada rohkem s\u00fctt. Lisaks on see YKAP toode universaalne \u2013 sobib igat t\u00fc\u00fcpi vesipiipudele ja prillidele. Tassisoojenduskubu &quot;YKAP&quot; kasutatakse korraga mitmel otstarbel: Soojuse reguleerimine; Suurenenud s\u00fcsiniku p\u00f5lemisaeg; [\u2026]<\/p>","protected":false},"featured_media":33818,"comment_status":"open","ping_status":"closed","template":"","meta":[],"_links":{"self":[{"href":"https:\/\/hookahshop.lt\/et\/wp-json\/wp\/v2\/product\/33813"}],"collection":[{"href":"https:\/\/hookahshop.lt\/et\/wp-json\/wp\/v2\/product"}],"about":[{"href":"https:\/\/hookahshop.lt\/et\/wp-json\/wp\/v2\/types\/product"}],"replies":[{"embeddable":true,"href":"https:\/\/hookahshop.lt\/et\/wp-json\/wp\/v2\/comments?post=33813"}],"version-history":[{"count":3,"href":"https:\/\/hookahshop.lt\/et\/wp-json\/wp\/v2\/product\/33813\/revisions"}],"predecessor-version":[{"id":41742,"href":"https:\/\/hookahshop.lt\/et\/wp-json\/wp\/v2\/product\/33813\/revisions\/41742"}],"wp:featuredmedia":[{"embeddable":true,"href":"https:\/\/hookahshop.lt\/et\/wp-json\/wp\/v2\/media\/33818"}],"wp:attachment":[{"href":"https:\/\/hookahshop.lt\/et\/wp-json\/wp\/v2\/media?parent=33813"}],"curies":[{"name":"wp","href":"https:\/\/api.w.org\/{rel}","templated":true}]}}