{"id":33830,"date":"2022-10-12T09:45:35","date_gmt":"2022-10-12T06:45:35","guid":{"rendered":"https:\/\/hookahshop.lt\/?post_type=product&#038;p=33830"},"modified":"2026-04-17T23:29:49","modified_gmt":"2026-04-17T20:29:49","slug":"kolba-kaljanui-vg-craft-alabaster-black","status":"publish","type":"product","link":"https:\/\/hookahshop.lt\/et\/toode\/kolb-vesipiibu-vg-craft-alabaster-black\/","title":{"rendered":"KOLB VESIPIIBULE VG Craft Alabaster Black"},"content":{"rendered":"<h2>KOLB VESIPIIBULE VG Craft Alabaster Black<\/h2>\n<p>Seda t\u00fc\u00fcpi kolvid on turul v\u00e4ga populaarsed. Lihtne, kuid elegantne klaasidisain sobib ideaalselt kaasaegsete mudelitega.<\/p>\n<p><strong>Omadused:<\/strong><br \/>\nKolvi kuju: k\u00e4sit\u00f6\u00f6<br \/>\nK\u00f5rgus: 27 cm<br \/>\nLaius: 23 cm<br \/>\nSisemine l\u00e4bim\u00f5\u00f5t: 4,5 cm<br \/>\nKaal: 1,7 kg<br \/>\nKolvi maht: 1,7l<\/p>\n<p>Kas teil on k\u00fcsimusi? v\u00f5ta meiega \u00fchendust\u00a0<a href=\"https:\/\/hookahshop.lt\/et\/kontaktid\/\">kontaktide leht<\/a>\u00a0v\u00f5i saatke meile e-kiri aadressil\u00a0<a href=\"https:\/\/facebook.com\/HookahShop.lt\/\" target=\"_blank\" rel=\"noopener noreferrer\">Facebooki konto<\/a>\u00a0ja vastame teie taotlusele samal p\u00e4eval.<\/p>\n<p>&nbsp;<\/p>","protected":false},"excerpt":{"rendered":"<p>Vesipiibu termos VG Craft Alabaster Black Seda t\u00fc\u00fcpi termos on turul v\u00e4ga populaarne. Lihtne, kuid elegantne klaasist disain sobib ideaalselt moodsate mudelitega. Omadused: Termosi kuju: k\u00e4sit\u00f6\u00f6 K\u00f5rgus: 27 cm Laius: 23 cm Sisemine l\u00e4bim\u00f5\u00f5t: 4,5 cm Kaal: 1,7 kg Termosi maht: 1,7 l Kas teil on k\u00fcsimusi? V\u00f5tke meiega \u00fchendust kontaktide lehel v\u00f5i kirjutage meile Facebookis ja me vastame teie p\u00e4ringule [\u2026]<\/p>","protected":false},"featured_media":33834,"comment_status":"open","ping_status":"closed","template":"","meta":[],"_links":{"self":[{"href":"https:\/\/hookahshop.lt\/et\/wp-json\/wp\/v2\/product\/33830"}],"collection":[{"href":"https:\/\/hookahshop.lt\/et\/wp-json\/wp\/v2\/product"}],"about":[{"href":"https:\/\/hookahshop.lt\/et\/wp-json\/wp\/v2\/types\/product"}],"replies":[{"embeddable":true,"href":"https:\/\/hookahshop.lt\/et\/wp-json\/wp\/v2\/comments?post=33830"}],"version-history":[{"count":3,"href":"https:\/\/hookahshop.lt\/et\/wp-json\/wp\/v2\/product\/33830\/revisions"}],"predecessor-version":[{"id":33877,"href":"https:\/\/hookahshop.lt\/et\/wp-json\/wp\/v2\/product\/33830\/revisions\/33877"}],"wp:featuredmedia":[{"embeddable":true,"href":"https:\/\/hookahshop.lt\/et\/wp-json\/wp\/v2\/media\/33834"}],"wp:attachment":[{"href":"https:\/\/hookahshop.lt\/et\/wp-json\/wp\/v2\/media?parent=33830"}],"curies":[{"name":"wp","href":"https:\/\/api.w.org\/{rel}","templated":true}]}}