{"id":33835,"date":"2022-10-12T10:56:58","date_gmt":"2022-10-12T07:56:58","guid":{"rendered":"https:\/\/hookahshop.lt\/?post_type=product&#038;p=33835"},"modified":"2026-04-16T10:21:31","modified_gmt":"2026-04-16T07:21:31","slug":"kolba-kaljanui-vg-craft-marble","status":"publish","type":"product","link":"https:\/\/hookahshop.lt\/et\/toode\/kolb-vesipiibu-vg-craft-marble\/","title":{"rendered":"KOLB VESIPIIBULE VG Craft Marble"},"content":{"rendered":"<h2>KOLB VESIPIIBULE VG Craft Marble<\/h2>\n<p>\u00dcks populaarsemaid kolbe turul, mis \u00fchendab endas lakoonilise disaini ja kasutusmugavuse. Sobib universaalse tihendiga vesipiipudele. Kolb on valmistatud k\u00e4sitsi ja kaela sisel\u00e4bim\u00f5\u00f5t v\u00f5ib erineda deklareeritust 1-1,5 mm.<\/p>\n<p><strong>Omadused:<\/strong><br \/>\nKolvi kuju: k\u00e4sit\u00f6\u00f6<br \/>\nV\u00e4rv: must ja valge (veetaset pole n\u00e4ha)<br \/>\nK\u00f5rgus: 27 cm<br \/>\nLaius: 23 cm<br \/>\nSisemine l\u00e4bim\u00f5\u00f5t: 4,5 cm<br \/>\nKaal: 1,64 kg<br \/>\nKolvi maht: 1,7l<\/p>\n<p>Kas teil on k\u00fcsimusi? v\u00f5ta meiega \u00fchendust <a href=\"https:\/\/hookahshop.lt\/et\/kontaktid\/\">kontaktide leht<\/a>\u00a0v\u00f5i saatke meile e-kiri aadressil\u00a0<a href=\"https:\/\/facebook.com\/HookahShop.lt\/\" target=\"_blank\" rel=\"noopener noreferrer\">Facebooki konto<\/a>\u00a0ja vastame teie taotlusele samal p\u00e4eval.<\/p>","protected":false},"excerpt":{"rendered":"<p>Vesipiibu termos VG Craft Marble \u00dcks populaarsemaid termosi turul, mis \u00fchendab endas lakoonilise disaini ja kasutusmugavuse. Sobib vesipiibudele universaalse tihendiga. Termos on k\u00e4sitsi valmistatud ja kaela sisel\u00e4bim\u00f5\u00f5t v\u00f5ib erineda deklareeritust 1-1,5 mm v\u00f5rra. Omadused: Termosi kuju: k\u00e4sit\u00f6\u00f6 V\u00e4rvus: must ja valge (veetase pole n\u00e4htav) K\u00f5rgus: 27 cm Laius: 23 cm Sisel\u00e4bim\u00f5\u00f5t: 4,5 cm Kaal: 1,64 [\u2026]<\/p>","protected":false},"featured_media":33843,"comment_status":"open","ping_status":"closed","template":"","meta":[],"_links":{"self":[{"href":"https:\/\/hookahshop.lt\/et\/wp-json\/wp\/v2\/product\/33835"}],"collection":[{"href":"https:\/\/hookahshop.lt\/et\/wp-json\/wp\/v2\/product"}],"about":[{"href":"https:\/\/hookahshop.lt\/et\/wp-json\/wp\/v2\/types\/product"}],"replies":[{"embeddable":true,"href":"https:\/\/hookahshop.lt\/et\/wp-json\/wp\/v2\/comments?post=33835"}],"version-history":[{"count":5,"href":"https:\/\/hookahshop.lt\/et\/wp-json\/wp\/v2\/product\/33835\/revisions"}],"predecessor-version":[{"id":33921,"href":"https:\/\/hookahshop.lt\/et\/wp-json\/wp\/v2\/product\/33835\/revisions\/33921"}],"wp:featuredmedia":[{"embeddable":true,"href":"https:\/\/hookahshop.lt\/et\/wp-json\/wp\/v2\/media\/33843"}],"wp:attachment":[{"href":"https:\/\/hookahshop.lt\/et\/wp-json\/wp\/v2\/media?parent=33835"}],"curies":[{"name":"wp","href":"https:\/\/api.w.org\/{rel}","templated":true}]}}