{"id":33851,"date":"2022-10-12T21:45:10","date_gmt":"2022-10-12T18:45:10","guid":{"rendered":"https:\/\/hookahshop.lt\/?post_type=product&#038;p=33851"},"modified":"2026-04-14T23:29:32","modified_gmt":"2026-04-14T20:29:32","slug":"kolba-kaljanui-vg-craft-ice-effect","status":"publish","type":"product","link":"https:\/\/hookahshop.lt\/et\/toode\/kolb-vesipiibu-vg-craft-ice-effect\/","title":{"rendered":"KOLB VESIPIIBULE VG Craft Ice Effect"},"content":{"rendered":"<h2>KOLB VESIPIIBULE VG Craft Ice Effect<\/h2>\n<p>\u00dcks populaarsemaid kolbe turul, mis \u00fchendab endas lakoonilise disaini ja kasutusmugavuse. Sobib universaalse tihendiga vesipiipudele. Kolb on valmistatud k\u00e4sitsi ja kaela sisel\u00e4bim\u00f5\u00f5t v\u00f5ib erineda deklareeritust 1-1,5 mm.<\/p>\n<p><strong>Omadused:<\/strong><br \/>\nKolvi kuju: k\u00e4sit\u00f6\u00f6<br \/>\nK\u00f5rgus: 27 cm<br \/>\nLaius: 23 cm<br \/>\nSisemine l\u00e4bim\u00f5\u00f5t: 4,5 cm<br \/>\nKaal: 1,64 kg<br \/>\nKolvi maht: 1,7l<\/p>\n<p>Kas teil on k\u00fcsimusi? v\u00f5ta meiega \u00fchendust <a href=\"https:\/\/hookahshop.lt\/et\/kontaktid\/\">kontaktide leht<\/a>\u00a0v\u00f5i saatke meile e-kiri aadressil\u00a0<a href=\"https:\/\/facebook.com\/HookahShop.lt\/\" target=\"_blank\" rel=\"noopener noreferrer\">Facebooki konto<\/a>\u00a0ja vastame teie taotlusele samal p\u00e4eval.<\/p>\n<p>&nbsp;<\/p>\n<p>&nbsp;<\/p>","protected":false},"excerpt":{"rendered":"<p>Vesipiibu kolb VG Craft Ice Effect \u00dcks populaarsemaid pudeleid turul, mis \u00fchendab endas kokkuv\u00f5tliku disaini ja kasutusmugavuse. Sobib universaalse tihendiga vesipiipudele. Kolb on valmistatud k\u00e4sitsi ja kaela sisel\u00e4bim\u00f5\u00f5t v\u00f5ib erineda deklareeritust 1-1,5 mm. Omadused: Kolvi kuju: K\u00e4sit\u00f6\u00f6 K\u00f5rgus: 27 cm Laius: 23 cm Sisel\u00e4bim\u00f5\u00f5t: 4,5 cm Kaal: 1,64 kg Kolvi maht: 1,7 l Kas teil on k\u00fcsimusi? [\u2026]<\/p>","protected":false},"featured_media":33852,"comment_status":"open","ping_status":"closed","template":"","meta":[],"_links":{"self":[{"href":"https:\/\/hookahshop.lt\/et\/wp-json\/wp\/v2\/product\/33851"}],"collection":[{"href":"https:\/\/hookahshop.lt\/et\/wp-json\/wp\/v2\/product"}],"about":[{"href":"https:\/\/hookahshop.lt\/et\/wp-json\/wp\/v2\/types\/product"}],"replies":[{"embeddable":true,"href":"https:\/\/hookahshop.lt\/et\/wp-json\/wp\/v2\/comments?post=33851"}],"version-history":[{"count":3,"href":"https:\/\/hookahshop.lt\/et\/wp-json\/wp\/v2\/product\/33851\/revisions"}],"predecessor-version":[{"id":34496,"href":"https:\/\/hookahshop.lt\/et\/wp-json\/wp\/v2\/product\/33851\/revisions\/34496"}],"wp:featuredmedia":[{"embeddable":true,"href":"https:\/\/hookahshop.lt\/et\/wp-json\/wp\/v2\/media\/33852"}],"wp:attachment":[{"href":"https:\/\/hookahshop.lt\/et\/wp-json\/wp\/v2\/media?parent=33851"}],"curies":[{"name":"wp","href":"https:\/\/api.w.org\/{rel}","templated":true}]}}