{"id":33855,"date":"2022-10-12T22:12:35","date_gmt":"2022-10-12T19:12:35","guid":{"rendered":"https:\/\/hookahshop.lt\/?post_type=product&#038;p=33855"},"modified":"2026-04-17T23:29:49","modified_gmt":"2026-04-17T20:29:49","slug":"kolba-kaljanui-vg-craft-crystal","status":"publish","type":"product","link":"https:\/\/hookahshop.lt\/et\/toode\/kolb-vesipiibu-vg-craft-crystal\/","title":{"rendered":"KOLB VESIPIIBULE VG Craft Crystal"},"content":{"rendered":"<h2>KOLB VESIPIIBULE VG Craft Crystal<\/h2>\n<p>See k\u00e4sitsi valmistatud kolb on erakordne oma disaini, kvaliteedi ja stiili poolest \u00e4\u00e4rmiselt l\u00e4bipaistev. Kolvi kael on pikuti nikerdatud - kohandatud ladustamiseks, mugavam kasutada. Ka kolvi \u00fclemine osa on ainulaadne \u2013 nikerdatud.<\/p>\n<p>Kolvi kaal: ~ 2 kg<br \/>\nK\u00f5rgus: 26 cm<br \/>\nLaius: 22 cm<br \/>\nKaela sisel\u00e4bim\u00f5\u00f5t: 4 cm<\/p>\n<p>Kas teil on k\u00fcsimusi? v\u00f5ta meiega \u00fchendust\u00a0<a href=\"https:\/\/hookahshop.lt\/et\/kontaktid\/\">kontaktide leht<\/a>\u00a0v\u00f5i saatke meile e-kiri aadressil\u00a0<a href=\"https:\/\/facebook.com\/HookahShop.lt\/\" target=\"_blank\" rel=\"noopener noreferrer\">Facebooki konto<\/a>\u00a0ja vastame teie taotlusele samal p\u00e4eval.<\/p>","protected":false},"excerpt":{"rendered":"<p>Vesipiibu termos VG Craft Crystal See k\u00e4sit\u00f6\u00f6termos on ainulaadne oma disaini, kvaliteedi ja \u00e4\u00e4rmiselt l\u00e4bipaistva stiili poolest. Termosi kael on pikuti nikerdatud - kohandatud hoiustamiseks ja mugavamaks kasutamiseks. Termosi \u00fclemine osa on samuti ainulaadne - nikerdatud. Termosi kaal: ~ 2 kg K\u00f5rgus: 26 cm Laius: 22 cm Kaela sisel\u00e4bim\u00f5\u00f5t: 4 cm Kas teil on k\u00fcsimusi? V\u00f5tke \u00fchendust [\u2026]<\/p>","protected":false},"featured_media":33856,"comment_status":"open","ping_status":"closed","template":"","meta":[],"_links":{"self":[{"href":"https:\/\/hookahshop.lt\/et\/wp-json\/wp\/v2\/product\/33855"}],"collection":[{"href":"https:\/\/hookahshop.lt\/et\/wp-json\/wp\/v2\/product"}],"about":[{"href":"https:\/\/hookahshop.lt\/et\/wp-json\/wp\/v2\/types\/product"}],"replies":[{"embeddable":true,"href":"https:\/\/hookahshop.lt\/et\/wp-json\/wp\/v2\/comments?post=33855"}],"version-history":[{"count":3,"href":"https:\/\/hookahshop.lt\/et\/wp-json\/wp\/v2\/product\/33855\/revisions"}],"predecessor-version":[{"id":33938,"href":"https:\/\/hookahshop.lt\/et\/wp-json\/wp\/v2\/product\/33855\/revisions\/33938"}],"wp:featuredmedia":[{"embeddable":true,"href":"https:\/\/hookahshop.lt\/et\/wp-json\/wp\/v2\/media\/33856"}],"wp:attachment":[{"href":"https:\/\/hookahshop.lt\/et\/wp-json\/wp\/v2\/media?parent=33855"}],"curies":[{"name":"wp","href":"https:\/\/api.w.org\/{rel}","templated":true}]}}