{"id":33971,"date":"2022-10-28T16:53:16","date_gmt":"2022-10-28T13:53:16","guid":{"rendered":"https:\/\/hookahshop.lt\/?post_type=product&#038;p=33971"},"modified":"2026-04-19T23:29:58","modified_gmt":"2026-04-19T20:29:58","slug":"stikline-vandens-pypke-black-leaf-mini","status":"publish","type":"product","link":"https:\/\/hookahshop.lt\/et\/toode\/klaas-veetoru-must-leht-mini\/","title":{"rendered":"Klaasist veetoru BLACK LEAF Mini Green 11cm"},"content":{"rendered":"<h2>Klaasist veetoru BLACK LEAF Mini Green 11cm<\/h2>\n<p>Dekoratiivse v\u00e4rvilise klaasimustriga veepiip. Erip\u00e4raks on see, et torul on aas, mille kaudu saab nahast rihma vms kaela riputada.<\/p>\n<p><strong>Spetsifikatsioonid:<\/strong><\/p>\n<p>L\u00e4bim\u00f5\u00f5t: 60\/18 mm<br \/>\nPikkus: 110 mm<br \/>\nToru t\u00fc\u00fcp: 14,5 mm<br \/>\nMaterjal: borosilikaatklaas<\/p>\n<p>Kas teil on k\u00fcsimusi? v\u00f5ta meiega \u00fchendust\u00a0<a href=\"https:\/\/hookahshop.lt\/et\/kontaktid\/\">kontaktide leht<\/a>\u00a0v\u00f5i saatke meile e-kiri aadressil\u00a0<a href=\"https:\/\/facebook.com\/HookahShop.lt\/\" target=\"_blank\" rel=\"noopener noreferrer\">Facebooki konto<\/a>\u00a0ja vastame teie taotlusele samal p\u00e4eval.<\/p>","protected":false},"excerpt":{"rendered":"<p>Klaasist veetoru BLACK LEAF Mini Green 11cm Dekoratiivse v\u00e4rvilise klaasimustriga veepiip. Erip\u00e4raks on see, et torul on aas, mille kaudu saab nahast rihma vms kaela riputada. Tehnilised andmed: l\u00e4bim\u00f5\u00f5t: 60\/18mm Pikkus: 110mm Toru t\u00fc\u00fcp: 14,5mm Materjal: borosilikaatklaas K\u00fcsimused? V\u00f5tke meiega \u00fchendust kontaktide lehel v\u00f5i [\u2026]<\/p>","protected":false},"featured_media":33973,"comment_status":"open","ping_status":"closed","template":"","meta":[],"_links":{"self":[{"href":"https:\/\/hookahshop.lt\/et\/wp-json\/wp\/v2\/product\/33971"}],"collection":[{"href":"https:\/\/hookahshop.lt\/et\/wp-json\/wp\/v2\/product"}],"about":[{"href":"https:\/\/hookahshop.lt\/et\/wp-json\/wp\/v2\/types\/product"}],"replies":[{"embeddable":true,"href":"https:\/\/hookahshop.lt\/et\/wp-json\/wp\/v2\/comments?post=33971"}],"version-history":[{"count":3,"href":"https:\/\/hookahshop.lt\/et\/wp-json\/wp\/v2\/product\/33971\/revisions"}],"predecessor-version":[{"id":34078,"href":"https:\/\/hookahshop.lt\/et\/wp-json\/wp\/v2\/product\/33971\/revisions\/34078"}],"wp:featuredmedia":[{"embeddable":true,"href":"https:\/\/hookahshop.lt\/et\/wp-json\/wp\/v2\/media\/33973"}],"wp:attachment":[{"href":"https:\/\/hookahshop.lt\/et\/wp-json\/wp\/v2\/media?parent=33971"}],"curies":[{"name":"wp","href":"https:\/\/api.w.org\/{rel}","templated":true}]}}