{"id":33976,"date":"2022-10-28T17:13:14","date_gmt":"2022-10-28T14:13:14","guid":{"rendered":"https:\/\/hookahshop.lt\/?post_type=product&#038;p=33976"},"modified":"2026-04-14T23:29:33","modified_gmt":"2026-04-14T20:29:33","slug":"stikline-vandens-pypke-black-leaf-fire","status":"publish","type":"product","link":"https:\/\/hookahshop.lt\/et\/toode\/klaas-veetoru-must-leht-tuli\/","title":{"rendered":"Klaasist veetoru MUST LEHT Tuli 25cm"},"content":{"rendered":"<h2>Klaasist veetoru MUST LEHT Tuli 25cm<\/h2>\n<p>Loodud kasutades Black Leaf. Piluhajuti ja loomulikult j\u00e4\u00e4kamber tagavad suitsu j\u00e4ise jahutamise. Tuli soojeneb korralikult t\u00e4nu v\u00f5imsale \u00f5huvarustusele ja \u00f5hu juurdevoolule kickhole\u2019ist. Sellel on praktiline pistik, mis muudab puhastamise lihtsamaks. Lisaks on klaastoru k\u00fcljes s\u00fcvend, mis annab ruumi v\u00e4ikesele tulemasinale, ekraaniharjale, lapile jne.<\/p>\n<p><strong>Spetsifikatsioonid:<\/strong><\/p>\n<p>L\u00e4bim\u00f5\u00f5t: 100\/32 mm<br \/>\nPikkus: 250 mm<br \/>\nToru t\u00fc\u00fcp: 18,8 mm<br \/>\nMaterjal: borosilikaatklaas<\/p>\n<p>Kas teil on k\u00fcsimusi? v\u00f5ta meiega \u00fchendust\u00a0<a href=\"https:\/\/hookahshop.lt\/et\/kontaktid\/\">kontaktide leht<\/a>\u00a0v\u00f5i saatke meile e-kiri aadressil\u00a0<a href=\"https:\/\/facebook.com\/HookahShop.lt\/\" target=\"_blank\" rel=\"noopener noreferrer\">Facebooki konto<\/a>\u00a0ja vastame teie taotlusele samal p\u00e4eval.<\/p>","protected":false},"excerpt":{"rendered":"<p>Klaasist veetoru BLACK LEAF Fire 25cm Loodud kasutades &quot;Black Leaf&quot;.  Piluhajuti ja loomulikult j\u00e4\u00e4kamber tagavad suitsu j\u00e4ise jahutamise. Tuli soojeneb korralikult t\u00e4nu v\u00f5imsale \u00f5huvarustusele ja \u00f5hu juurdevoolule kickhole\u2019ist. Sellel on praktiline pistik, mis muudab puhastamise lihtsamaks. Lisaks on klaastoru k\u00fcljel s\u00fcvend, mis annab ruumi v\u00e4ikesele tulemasinale, ekraaniharjale, riidele [\u2026]<\/p>","protected":false},"featured_media":33977,"comment_status":"open","ping_status":"closed","template":"","meta":[],"_links":{"self":[{"href":"https:\/\/hookahshop.lt\/et\/wp-json\/wp\/v2\/product\/33976"}],"collection":[{"href":"https:\/\/hookahshop.lt\/et\/wp-json\/wp\/v2\/product"}],"about":[{"href":"https:\/\/hookahshop.lt\/et\/wp-json\/wp\/v2\/types\/product"}],"replies":[{"embeddable":true,"href":"https:\/\/hookahshop.lt\/et\/wp-json\/wp\/v2\/comments?post=33976"}],"version-history":[{"count":3,"href":"https:\/\/hookahshop.lt\/et\/wp-json\/wp\/v2\/product\/33976\/revisions"}],"predecessor-version":[{"id":34077,"href":"https:\/\/hookahshop.lt\/et\/wp-json\/wp\/v2\/product\/33976\/revisions\/34077"}],"wp:featuredmedia":[{"embeddable":true,"href":"https:\/\/hookahshop.lt\/et\/wp-json\/wp\/v2\/media\/33977"}],"wp:attachment":[{"href":"https:\/\/hookahshop.lt\/et\/wp-json\/wp\/v2\/media?parent=33976"}],"curies":[{"name":"wp","href":"https:\/\/api.w.org\/{rel}","templated":true}]}}