{"id":33980,"date":"2022-10-28T17:34:50","date_gmt":"2022-10-28T14:34:50","guid":{"rendered":"https:\/\/hookahshop.lt\/?post_type=product&#038;p=33980"},"modified":"2026-05-05T23:30:11","modified_gmt":"2026-05-05T20:30:11","slug":"vandens-pypke-black-leaf-revolver-cylinder","status":"publish","type":"product","link":"https:\/\/hookahshop.lt\/et\/toode\/veetoru-must-leht-revolver-silinder\/","title":{"rendered":"Klaasist veetoru BLACK LEAF Revolveri silinder 15cm"},"content":{"rendered":"<h2>Klaasist veetoru BLACK LEAF Revolveri silinder 15cm<\/h2>\n<p>Tugev ja stabiilne BLACK LEAF platvorm revolvrisilindri kujuga. V\u00e4ike bong on valmistatud boorsilikaatklaasist ning sellel on \u00f5linael ja kuppel. Sisemine difuusor jahutab veidi tugevat suitsu.<\/p>\n<p><strong>Spetsifikatsioonid:<\/strong><\/p>\n<p>L\u00e4bim\u00f5\u00f5t: 80\/16 mm<br \/>\nPikkus: 150 mm<br \/>\nV\u00e4rv: selge\/must<br \/>\nToru t\u00fc\u00fcp: 14,5 mm<br \/>\nMaterjal: borosilikaatklaas<\/p>\n<p>Kas teil on k\u00fcsimusi? v\u00f5ta meiega \u00fchendust\u00a0<a href=\"https:\/\/hookahshop.lt\/et\/kontaktid\/\">kontaktide leht<\/a>\u00a0v\u00f5i saatke meile e-kiri aadressil\u00a0<a href=\"https:\/\/facebook.com\/HookahShop.lt\/\" target=\"_blank\" rel=\"noopener noreferrer\">Facebooki konto<\/a>\u00a0ja vastame teie taotlusele samal p\u00e4eval.<\/p>","protected":false},"excerpt":{"rendered":"<p>Klaasist veetoru BLACK LEAF Revolveri silinder 15cm Tugev ja stabiilne BLACK LEAF platvorm revolvrisilindri kujuga. V\u00e4ike bong on valmistatud boorsilikaatklaasist ning sellel on \u00f5linael ja kuppel. Sisemine difuusor jahutab veidi tugevat suitsu. Tehnilised andmed: l\u00e4bim\u00f5\u00f5t: 80\/16 mm Pikkus: 150 mm V\u00e4rv: l\u00e4bipaistev\/must toru t\u00fc\u00fcp: 14,5 mm Materjal: borosilikaatklaas K\u00fcsimused? [\u2026]<\/p>","protected":false},"featured_media":33981,"comment_status":"open","ping_status":"closed","template":"","meta":[],"_links":{"self":[{"href":"https:\/\/hookahshop.lt\/et\/wp-json\/wp\/v2\/product\/33980"}],"collection":[{"href":"https:\/\/hookahshop.lt\/et\/wp-json\/wp\/v2\/product"}],"about":[{"href":"https:\/\/hookahshop.lt\/et\/wp-json\/wp\/v2\/types\/product"}],"replies":[{"embeddable":true,"href":"https:\/\/hookahshop.lt\/et\/wp-json\/wp\/v2\/comments?post=33980"}],"version-history":[{"count":2,"href":"https:\/\/hookahshop.lt\/et\/wp-json\/wp\/v2\/product\/33980\/revisions"}],"predecessor-version":[{"id":34076,"href":"https:\/\/hookahshop.lt\/et\/wp-json\/wp\/v2\/product\/33980\/revisions\/34076"}],"wp:featuredmedia":[{"embeddable":true,"href":"https:\/\/hookahshop.lt\/et\/wp-json\/wp\/v2\/media\/33981"}],"wp:attachment":[{"href":"https:\/\/hookahshop.lt\/et\/wp-json\/wp\/v2\/media?parent=33980"}],"curies":[{"name":"wp","href":"https:\/\/api.w.org\/{rel}","templated":true}]}}