{"id":33985,"date":"2022-10-28T17:52:55","date_gmt":"2022-10-28T14:52:55","guid":{"rendered":"https:\/\/hookahshop.lt\/?post_type=product&#038;p=33985"},"modified":"2026-04-17T23:29:50","modified_gmt":"2026-04-17T20:29:50","slug":"akriline-vandens-pypke-print-black-26cm","status":"publish","type":"product","link":"https:\/\/hookahshop.lt\/et\/toode\/akruul-veetoru-print-must-26cm\/","title":{"rendered":"Akr\u00fc\u00fclist veetoru Print Must 26cm"},"content":{"rendered":"<h2>Akr\u00fc\u00fclist veetoru Print Must 26cm<\/h2>\n<p>Huvitav graafika tr\u00fckitud t\u00e4isv\u00e4rvides! Akr\u00fc\u00fclbong on t\u00e4ielikult tr\u00fckitud graffiti stiilis graafikaga ning on oma kerge kaalu t\u00f5ttu hea kaaslane igale peole ja festivalile!<\/p>\n<p><strong>Spetsifikatsioonid:<\/strong><\/p>\n<p>L\u00e4bim\u00f5\u00f5t: 67\/30 mm<br \/>\nPikkus: 26 cm<br \/>\nMaterjal: akr\u00fc\u00fcl<\/p>\n<p>Kas teil on k\u00fcsimusi? v\u00f5ta meiega \u00fchendust\u00a0<a href=\"https:\/\/hookahshop.lt\/et\/kontaktid\/\">kontaktide leht<\/a>\u00a0v\u00f5i saatke meile e-kiri aadressil\u00a0<a href=\"https:\/\/facebook.com\/HookahShop.lt\/\" target=\"_blank\" rel=\"noopener noreferrer\">Facebooki konto<\/a>\u00a0ja vastame teie taotlusele samal p\u00e4eval.<\/p>","protected":false},"excerpt":{"rendered":"<p>Akr\u00fc\u00fclist veetoru Print Must 26cm Huvitav graafika, tr\u00fckitud k\u00f5ikides v\u00e4rvides! Akr\u00fc\u00fclbong on t\u00e4ielikult tr\u00fckitud graffiti stiilis graafikaga ning on oma kerge kaalu t\u00f5ttu hea kaaslane igale peole ja festivalile! Tehnilised andmed: L\u00e4bim\u00f5\u00f5t: 67\/30 mm Pikkus: 26 cm Materjal: Akr\u00fc\u00fcl K\u00fcsimused? V\u00f5tke meiega \u00fchendust kontaktide lehel v\u00f5i kirjutage meile meie Facebooki kontol ja vastame teie p\u00e4ringule samal [...]<\/p>","protected":false},"featured_media":33987,"comment_status":"open","ping_status":"closed","template":"","meta":[],"_links":{"self":[{"href":"https:\/\/hookahshop.lt\/et\/wp-json\/wp\/v2\/product\/33985"}],"collection":[{"href":"https:\/\/hookahshop.lt\/et\/wp-json\/wp\/v2\/product"}],"about":[{"href":"https:\/\/hookahshop.lt\/et\/wp-json\/wp\/v2\/types\/product"}],"replies":[{"embeddable":true,"href":"https:\/\/hookahshop.lt\/et\/wp-json\/wp\/v2\/comments?post=33985"}],"version-history":[{"count":3,"href":"https:\/\/hookahshop.lt\/et\/wp-json\/wp\/v2\/product\/33985\/revisions"}],"predecessor-version":[{"id":40897,"href":"https:\/\/hookahshop.lt\/et\/wp-json\/wp\/v2\/product\/33985\/revisions\/40897"}],"wp:featuredmedia":[{"embeddable":true,"href":"https:\/\/hookahshop.lt\/et\/wp-json\/wp\/v2\/media\/33987"}],"wp:attachment":[{"href":"https:\/\/hookahshop.lt\/et\/wp-json\/wp\/v2\/media?parent=33985"}],"curies":[{"name":"wp","href":"https:\/\/api.w.org\/{rel}","templated":true}]}}