{"id":33990,"date":"2022-10-28T18:01:34","date_gmt":"2022-10-28T15:01:34","guid":{"rendered":"https:\/\/hookahshop.lt\/?post_type=product&#038;p=33990"},"modified":"2026-04-17T23:29:50","modified_gmt":"2026-04-17T20:29:50","slug":"akriline-vandens-pypke-print-black-32cm","status":"publish","type":"product","link":"https:\/\/hookahshop.lt\/et\/toode\/akruul-veetoru-print-must-32cm\/","title":{"rendered":"Akr\u00fc\u00fclist veetoru Print Must 32cm"},"content":{"rendered":"<h2>Akr\u00fc\u00fclist veetoru Print Must 32cm<\/h2>\n<p>Huvitav graafika kogu tr\u00fckis! Akr\u00fc\u00fclbong on tr\u00fckitud graffiti stiilis graafikaga, t\u00e4nu oma kergele kaalule on see usaldusv\u00e4\u00e4rne kaaslane igal peol ja igal festivalil!<\/p>\n<p><strong>Spetsifikatsioonid:<\/strong><\/p>\n<p>L\u00e4bim\u00f5\u00f5t: 92\/50 mm<br \/>\nPikkus: 320 mm<br \/>\nMaterjal: akr\u00fc\u00fcl<\/p>\n<p>Kas teil on k\u00fcsimusi? v\u00f5ta meiega \u00fchendust\u00a0<a href=\"https:\/\/hookahshop.lt\/et\/kontaktid\/\">kontaktide leht<\/a>\u00a0v\u00f5i saatke meile e-kiri aadressil\u00a0<a href=\"https:\/\/facebook.com\/HookahShop.lt\/\" target=\"_blank\" rel=\"noopener noreferrer\">Facebooki konto<\/a>\u00a0ja vastame teie taotlusele samal p\u00e4eval.<\/p>","protected":false},"excerpt":{"rendered":"<p>Akr\u00fc\u00fclist veetoru Print Must 32cm Huvitav graafika kogu tr\u00fckis! Akr\u00fc\u00fclbong on tr\u00fckitud graffiti stiilis graafikaga, t\u00e4nu oma kergele kaalule on see usaldusv\u00e4\u00e4rne kaaslane igal peol ja igal festivalil! Tehnilised andmed: L\u00e4bim\u00f5\u00f5t: 92\/50 mm Pikkus: 320 mm Materjal: Akr\u00fc\u00fcl K\u00fcsimused? V\u00f5tke meiega \u00fchendust kontaktide lehel v\u00f5i kirjutage meile meie Facebooki kontol ja vastame teie p\u00e4ringule samal [...]<\/p>","protected":false},"featured_media":33991,"comment_status":"open","ping_status":"closed","template":"","meta":[],"_links":{"self":[{"href":"https:\/\/hookahshop.lt\/et\/wp-json\/wp\/v2\/product\/33990"}],"collection":[{"href":"https:\/\/hookahshop.lt\/et\/wp-json\/wp\/v2\/product"}],"about":[{"href":"https:\/\/hookahshop.lt\/et\/wp-json\/wp\/v2\/types\/product"}],"replies":[{"embeddable":true,"href":"https:\/\/hookahshop.lt\/et\/wp-json\/wp\/v2\/comments?post=33990"}],"version-history":[{"count":3,"href":"https:\/\/hookahshop.lt\/et\/wp-json\/wp\/v2\/product\/33990\/revisions"}],"predecessor-version":[{"id":34074,"href":"https:\/\/hookahshop.lt\/et\/wp-json\/wp\/v2\/product\/33990\/revisions\/34074"}],"wp:featuredmedia":[{"embeddable":true,"href":"https:\/\/hookahshop.lt\/et\/wp-json\/wp\/v2\/media\/33991"}],"wp:attachment":[{"href":"https:\/\/hookahshop.lt\/et\/wp-json\/wp\/v2\/media?parent=33990"}],"curies":[{"name":"wp","href":"https:\/\/api.w.org\/{rel}","templated":true}]}}