{"id":33994,"date":"2022-10-28T18:08:55","date_gmt":"2022-10-28T15:08:55","guid":{"rendered":"https:\/\/hookahshop.lt\/?post_type=product&#038;p=33994"},"modified":"2026-04-06T23:29:28","modified_gmt":"2026-04-06T20:29:28","slug":"akriline-vandens-pypke-mini-ivairiu-spalvu","status":"publish","type":"product","link":"https:\/\/hookahshop.lt\/et\/toode\/akruul-veetoru-mini-mitmesugust-varvi\/","title":{"rendered":"Akr\u00fc\u00fclist veetoru Mini erinevaid v\u00e4rve 17cm"},"content":{"rendered":"<h2>Akr\u00fc\u00fclist veetoru Mini erinevaid v\u00e4rve 17cm<\/h2>\n<p>V\u00e4ike mugav akr\u00fc\u00fclbong metalltoru ja tassiga. Mugav reisil v\u00f5i kodus. Sellel bongil on v\u00e4ike l\u00f6\u00f6giauk ning paindlik ja eemaldatav alus stabiilsuse tagamiseks.<\/p>\n<p><strong>Spetsifikatsioonid:<\/strong><br \/>\nPikkus: 17 cm<br \/>\nV\u00e4rv: erinevad v\u00e4rvid (v\u00e4rvi saate m\u00e4rkustes m\u00e4\u00e4rata: <strong>must, sinine, roheline, roosa, l\u00e4bipaistev<\/strong>)<br \/>\nMaterjal: akr\u00fc\u00fcl<\/p>\n<p>Kas teil on k\u00fcsimusi? v\u00f5ta meiega \u00fchendust\u00a0<a href=\"https:\/\/hookahshop.lt\/et\/kontaktid\/\">kontaktide leht<\/a>\u00a0v\u00f5i saatke meile e-kiri aadressil\u00a0<a href=\"https:\/\/facebook.com\/HookahShop.lt\/\" target=\"_blank\" rel=\"noopener noreferrer\">Facebooki konto<\/a>\u00a0ja vastame teie taotlusele samal p\u00e4eval.<\/p>","protected":false},"excerpt":{"rendered":"<p>Akr\u00fc\u00fclist veepiip Mini erinevates v\u00e4rvides 17cm V\u00e4ike ja mugav akr\u00fc\u00fclist bong metalltoru ja topsiga. Mugav reisimiseks v\u00f5i koju kaasa v\u00f5tmiseks. Sellel bongil on v\u00e4ike \u201eKick-Hole\u201c auk ja painduv ning eemaldatav alus, mis tagab stabiilsuse. Spetsifikatsioonid: Pikkus: 17 cm V\u00e4rv: Erinevad v\u00e4rvid (v\u00e4rvi saab m\u00e4rkida m\u00e4rkustesse: must, sinine, roheline, roosa, l\u00e4bipaistev) Materjal: Akr\u00fc\u00fcl Kas teil on k\u00fcsimusi? V\u00f5tke \u00fchendust [\u2026]<\/p>","protected":false},"featured_media":33995,"comment_status":"open","ping_status":"closed","template":"","meta":[],"_links":{"self":[{"href":"https:\/\/hookahshop.lt\/et\/wp-json\/wp\/v2\/product\/33994"}],"collection":[{"href":"https:\/\/hookahshop.lt\/et\/wp-json\/wp\/v2\/product"}],"about":[{"href":"https:\/\/hookahshop.lt\/et\/wp-json\/wp\/v2\/types\/product"}],"replies":[{"embeddable":true,"href":"https:\/\/hookahshop.lt\/et\/wp-json\/wp\/v2\/comments?post=33994"}],"version-history":[{"count":4,"href":"https:\/\/hookahshop.lt\/et\/wp-json\/wp\/v2\/product\/33994\/revisions"}],"predecessor-version":[{"id":41466,"href":"https:\/\/hookahshop.lt\/et\/wp-json\/wp\/v2\/product\/33994\/revisions\/41466"}],"wp:featuredmedia":[{"embeddable":true,"href":"https:\/\/hookahshop.lt\/et\/wp-json\/wp\/v2\/media\/33995"}],"wp:attachment":[{"href":"https:\/\/hookahshop.lt\/et\/wp-json\/wp\/v2\/media?parent=33994"}],"curies":[{"name":"wp","href":"https:\/\/api.w.org\/{rel}","templated":true}]}}