{"id":34008,"date":"2022-10-28T18:59:21","date_gmt":"2022-10-28T15:59:21","guid":{"rendered":"https:\/\/hookahshop.lt\/?post_type=product&#038;p=34008"},"modified":"2026-04-14T23:29:33","modified_gmt":"2026-04-14T20:29:33","slug":"stikline-vandens-pypke-black-leaf-black","status":"publish","type":"product","link":"https:\/\/hookahshop.lt\/et\/toode\/klaas-veetoru-must-leht-must\/","title":{"rendered":"Klaasist veetoru MUST LEHT Must 23cm"},"content":{"rendered":"<h2>Klaasist veetoru MUST LEHT Must 23cm<\/h2>\n<p>Mugav Black Leafi klaastoru du\u0161ipea perkolaatoriga. \u00d5hu ja bongivee sissehingamine keerutab perkolaatorit j\u00f5uliselt. See jahutab suitsu ja filtreerib selle samal ajal. Perkolaatori funktsioon, suitsujahutus.<\/p>\n<p><strong>Spetsifikatsioonid:<\/strong><br \/>\nL\u00e4bim\u00f5\u00f5t: 84\/22 mm<br \/>\nPikkus: 230 mm<br \/>\nV\u00e4rvus must<br \/>\nToru t\u00fc\u00fcp: 14,4 mm<br \/>\nMaterjal: borosilikaatklaas<\/p>\n<p>Kas teil on k\u00fcsimusi? v\u00f5ta meiega \u00fchendust\u00a0<a href=\"https:\/\/hookahshop.lt\/et\/kontaktid\/\">kontaktide leht<\/a>\u00a0v\u00f5i saatke meile e-kiri aadressil\u00a0<a href=\"https:\/\/facebook.com\/HookahShop.lt\/\" target=\"_blank\" rel=\"noopener noreferrer\">Facebooki konto<\/a>\u00a0ja vastame teie taotlusele samal p\u00e4eval.<\/p>","protected":false},"excerpt":{"rendered":"<p>Klaasist veetoru BLACK LEAF Black 23cm Mugav Black Leafi klaastoru du\u0161ipea perkolaatoriga. \u00d5hu ja vee sissehingamine keerutab perkolaatorit j\u00f5uliselt. See jahutab suitsu ja filtreerib selle samal ajal. Perkolaatori funktsioon, suitsujahutus. Tehnilised andmed: L\u00e4bim\u00f5\u00f5t: 84\/22mm Pikkus: 230mm V\u00e4rv: Must Toru t\u00fc\u00fcp: 14,4mm Materjal: Borosilikaatklaas K\u00fcsimused? [\u2026]<\/p>","protected":false},"featured_media":34009,"comment_status":"open","ping_status":"closed","template":"","meta":[],"_links":{"self":[{"href":"https:\/\/hookahshop.lt\/et\/wp-json\/wp\/v2\/product\/34008"}],"collection":[{"href":"https:\/\/hookahshop.lt\/et\/wp-json\/wp\/v2\/product"}],"about":[{"href":"https:\/\/hookahshop.lt\/et\/wp-json\/wp\/v2\/types\/product"}],"replies":[{"embeddable":true,"href":"https:\/\/hookahshop.lt\/et\/wp-json\/wp\/v2\/comments?post=34008"}],"version-history":[{"count":3,"href":"https:\/\/hookahshop.lt\/et\/wp-json\/wp\/v2\/product\/34008\/revisions"}],"predecessor-version":[{"id":42212,"href":"https:\/\/hookahshop.lt\/et\/wp-json\/wp\/v2\/product\/34008\/revisions\/42212"}],"wp:featuredmedia":[{"embeddable":true,"href":"https:\/\/hookahshop.lt\/et\/wp-json\/wp\/v2\/media\/34009"}],"wp:attachment":[{"href":"https:\/\/hookahshop.lt\/et\/wp-json\/wp\/v2\/media?parent=34008"}],"curies":[{"name":"wp","href":"https:\/\/api.w.org\/{rel}","templated":true}]}}