{"id":34012,"date":"2022-10-28T19:04:23","date_gmt":"2022-10-28T16:04:23","guid":{"rendered":"https:\/\/hookahshop.lt\/?post_type=product&#038;p=34012"},"modified":"2026-04-17T16:33:37","modified_gmt":"2026-04-17T13:33:37","slug":"stikline-vandens-pypke-black-leaf-hemp","status":"publish","type":"product","link":"https:\/\/hookahshop.lt\/et\/toode\/klaas-veetoru-must-leht-kanep\/","title":{"rendered":"Klaasist veetoru BLACK LEAF Kanep 18cm"},"content":{"rendered":"<h2>Klaasist veetoru BLACK LEAF Kanep 18cm<\/h2>\n<p>Valmistatud boorsilikaatklaasist, on see v\u00e4ike ja suure mahutavusega.<\/p>\n<p><strong>Spetsifikatsioonid:<\/strong><br \/>\nL\u00e4bim\u00f5\u00f5t: 25\/65 mm<br \/>\nPikkus: 180 mm<br \/>\nV\u00e4rv: l\u00e4bipaistev<br \/>\nToru t\u00fc\u00fcp: 14,5 mm<br \/>\nMaterjal: borosilikaatklaas<\/p>\n<p>Kas teil on k\u00fcsimusi? v\u00f5ta meiega \u00fchendust\u00a0<a href=\"https:\/\/hookahshop.lt\/et\/kontaktid\/\">kontaktide leht<\/a>\u00a0v\u00f5i saatke meile e-kiri aadressil\u00a0<a href=\"https:\/\/facebook.com\/HookahShop.lt\/\" target=\"_blank\" rel=\"noopener noreferrer\">Facebooki konto<\/a>\u00a0ja vastame teie taotlusele samal p\u00e4eval.<\/p>","protected":false},"excerpt":{"rendered":"<p>Klaasist veetoru BLACK LEAF Kanep 18cm Valmistatud boorsilikaatklaasist, on v\u00e4ike ja suure mahutavusega. Tehnilised andmed: l\u00e4bim\u00f5\u00f5t: 25\/65 mm Pikkus: 180 mm V\u00e4rv: l\u00e4bipaistev toru t\u00fc\u00fcp: 14,5 mm Materjal: borosilikaatklaas K\u00fcsimused? V\u00f5tke meiega \u00fchendust kontaktide lehel v\u00f5i kirjutage meile Facebookis ja vastame teie p\u00e4ringule samal p\u00e4eval.<\/p>","protected":false},"featured_media":34013,"comment_status":"open","ping_status":"closed","template":"","meta":[],"_links":{"self":[{"href":"https:\/\/hookahshop.lt\/et\/wp-json\/wp\/v2\/product\/34012"}],"collection":[{"href":"https:\/\/hookahshop.lt\/et\/wp-json\/wp\/v2\/product"}],"about":[{"href":"https:\/\/hookahshop.lt\/et\/wp-json\/wp\/v2\/types\/product"}],"replies":[{"embeddable":true,"href":"https:\/\/hookahshop.lt\/et\/wp-json\/wp\/v2\/comments?post=34012"}],"version-history":[{"count":3,"href":"https:\/\/hookahshop.lt\/et\/wp-json\/wp\/v2\/product\/34012\/revisions"}],"predecessor-version":[{"id":37341,"href":"https:\/\/hookahshop.lt\/et\/wp-json\/wp\/v2\/product\/34012\/revisions\/37341"}],"wp:featuredmedia":[{"embeddable":true,"href":"https:\/\/hookahshop.lt\/et\/wp-json\/wp\/v2\/media\/34013"}],"wp:attachment":[{"href":"https:\/\/hookahshop.lt\/et\/wp-json\/wp\/v2\/media?parent=34012"}],"curies":[{"name":"wp","href":"https:\/\/api.w.org\/{rel}","templated":true}]}}