{"id":34016,"date":"2022-10-28T19:10:24","date_gmt":"2022-10-28T16:10:24","guid":{"rendered":"https:\/\/hookahshop.lt\/?post_type=product&#038;p=34016"},"modified":"2026-04-17T16:33:37","modified_gmt":"2026-04-17T13:33:37","slug":"vandens-pypke-black-leaf-honeycomb-grey","status":"publish","type":"product","link":"https:\/\/hookahshop.lt\/et\/toode\/vesipiip-must-leht-karjehall\/","title":{"rendered":"Klaasist veetoru BLACK LEAF k\u00e4rgstruktuuri hall 38cm"},"content":{"rendered":"<h2>Klaasist veetoru BLACK LEAF k\u00e4rgstruktuuri hall 38cm<\/h2>\n<p>Klaasbong firmalt BLACK LEAF, milles suitsu jahutatakse ja filtreeritakse optimaalselt mitmetasandilise s\u00fcsteemi abil. Esiteks peab suits l\u00e4bima HoneyComb ketashajuti. Seej\u00e4rel l\u00e4bib see kambri ahenemise ja j\u00e4tkab p\u00f6\u00f6rlemist l\u00e4bi puidust perkolaatori 8 hoova. Viimaseks, kuid mitte v\u00e4hemt\u00e4htsaks, peab suits j\u00f5udma j\u00e4\u00e4kambrisse, kus saab suitsu veelgi jahutada, t\u00e4ites selle j\u00e4\u00e4kuubikutega.<\/p>\n<p><strong>Spetsifikatsioonid:<\/strong><\/p>\n<p>L\u00e4bim\u00f5\u00f5t: 64\/50 mm<br \/>\nPikkus: 385 mm<br \/>\nV\u00e4rv: hall<br \/>\nToru t\u00fc\u00fcp: 18,8 mm<br \/>\nMaterjal: borosilikaatklaas<\/p>\n<p>Kas teil on k\u00fcsimusi? v\u00f5ta meiega \u00fchendust\u00a0<a href=\"https:\/\/hookahshop.lt\/et\/kontaktid\/\">kontaktide leht<\/a>\u00a0v\u00f5i saatke meile e-kiri aadressil\u00a0<a href=\"https:\/\/facebook.com\/HookahShop.lt\/\" target=\"_blank\" rel=\"noopener noreferrer\">Facebooki konto<\/a>\u00a0ja vastame teie taotlusele samal p\u00e4eval.<\/p>","protected":false},"excerpt":{"rendered":"<p>Klaasist veetoru BLACK LEAF HoneyComb Grey 38cm Klaasbong firmalt BLACK LEAF, milles suits on optimaalselt jahutatud ja filtreeritud mitmetasandilise s\u00fcsteemiga. Esiteks peab suits l\u00e4bima HoneyComb ketashajuti. Seej\u00e4rel l\u00e4bib see kambri ahenemise ja j\u00e4tkab p\u00f6\u00f6rlemist l\u00e4bi puidust perkolaatori 8 hoova. Viimaseks, kuid mitte v\u00e4hem t\u00e4htsaks, suits peab tungima [\u2026]<\/p>","protected":false},"featured_media":34017,"comment_status":"open","ping_status":"closed","template":"","meta":[],"_links":{"self":[{"href":"https:\/\/hookahshop.lt\/et\/wp-json\/wp\/v2\/product\/34016"}],"collection":[{"href":"https:\/\/hookahshop.lt\/et\/wp-json\/wp\/v2\/product"}],"about":[{"href":"https:\/\/hookahshop.lt\/et\/wp-json\/wp\/v2\/types\/product"}],"replies":[{"embeddable":true,"href":"https:\/\/hookahshop.lt\/et\/wp-json\/wp\/v2\/comments?post=34016"}],"version-history":[{"count":3,"href":"https:\/\/hookahshop.lt\/et\/wp-json\/wp\/v2\/product\/34016\/revisions"}],"predecessor-version":[{"id":34063,"href":"https:\/\/hookahshop.lt\/et\/wp-json\/wp\/v2\/product\/34016\/revisions\/34063"}],"wp:featuredmedia":[{"embeddable":true,"href":"https:\/\/hookahshop.lt\/et\/wp-json\/wp\/v2\/media\/34017"}],"wp:attachment":[{"href":"https:\/\/hookahshop.lt\/et\/wp-json\/wp\/v2\/media?parent=34016"}],"curies":[{"name":"wp","href":"https:\/\/api.w.org\/{rel}","templated":true}]}}