{"id":34020,"date":"2022-10-28T19:28:57","date_gmt":"2022-10-28T16:28:57","guid":{"rendered":"https:\/\/hookahshop.lt\/?post_type=product&#038;p=34020"},"modified":"2026-05-05T23:30:11","modified_gmt":"2026-05-05T20:30:11","slug":"vandens-pypke-black-leaf-leaf-cylinder","status":"publish","type":"product","link":"https:\/\/hookahshop.lt\/et\/toode\/veetoru-must-leht-lehtsilinder-2\/","title":{"rendered":"Klaasist veetoru BLACK LEAF Leaf Silinder 30cm"},"content":{"rendered":"<h2>Klaasist veetoru BLACK LEAF Leaf Silinder 30cm<\/h2>\n<p>Klassikaline v\u00e4ikese suurusega Black Leaf bong on vastupidav ja sellel on avaga kork, mis muudab selle mugava veepiibu puhastamise v\u00e4ga lihtsaks. Veepiibul on suur mahutavus.<\/p>\n<p><strong>Spetsifikatsioonid:<\/strong><\/p>\n<p>L\u00e4bim\u00f5\u00f5t: 50 mm<br \/>\nPikkus: 300 mm<br \/>\nV\u00e4rv: l\u00e4bipaistev<br \/>\nToru t\u00fc\u00fcp: 18,8 mm<br \/>\nMaterjal: borosilikaatklaas<\/p>\n<p>Kas teil on k\u00fcsimusi? v\u00f5ta meiega \u00fchendust\u00a0<a href=\"https:\/\/hookahshop.lt\/et\/kontaktid\/\">kontaktide leht<\/a>\u00a0v\u00f5i saatke meile e-kiri aadressil\u00a0<a href=\"https:\/\/facebook.com\/HookahShop.lt\/\" target=\"_blank\" rel=\"noopener noreferrer\">Facebooki konto<\/a>\u00a0ja vastame teie taotlusele samal p\u00e4eval.<\/p>","protected":false},"excerpt":{"rendered":"<p>Stiklin\u0117 vandens pypk\u0117 BLACK LEAF Leaf Cylinder 30cm Klasikinis ma\u017eo dyd\u017eio &#8222;Black Leaf&#8221; bongas yra tvirtas ir turi ki\u0161tuk\u0105 kickhole &#8211; tai labai palengvina \u0161io patogaus vandens pypk\u0117s valym\u0105. Vandens pypk\u0117 turi didel\u0119 talp\u0105. Specifikacijos: Skersmuo: 50 mm Ilgis: 300 mm Spalva: Skaidrus Vamzdelio tipas: 18,8 mm Med\u017eiaga: Borosilikatinis stiklas Turite klausim\u0173? Susisiekite su mumis\u00a0kontakt\u0173 [&hellip;]<\/p>","protected":false},"featured_media":34021,"comment_status":"open","ping_status":"closed","template":"","meta":[],"_links":{"self":[{"href":"https:\/\/hookahshop.lt\/et\/wp-json\/wp\/v2\/product\/34020"}],"collection":[{"href":"https:\/\/hookahshop.lt\/et\/wp-json\/wp\/v2\/product"}],"about":[{"href":"https:\/\/hookahshop.lt\/et\/wp-json\/wp\/v2\/types\/product"}],"replies":[{"embeddable":true,"href":"https:\/\/hookahshop.lt\/et\/wp-json\/wp\/v2\/comments?post=34020"}],"version-history":[{"count":4,"href":"https:\/\/hookahshop.lt\/et\/wp-json\/wp\/v2\/product\/34020\/revisions"}],"predecessor-version":[{"id":37064,"href":"https:\/\/hookahshop.lt\/et\/wp-json\/wp\/v2\/product\/34020\/revisions\/37064"}],"wp:featuredmedia":[{"embeddable":true,"href":"https:\/\/hookahshop.lt\/et\/wp-json\/wp\/v2\/media\/34021"}],"wp:attachment":[{"href":"https:\/\/hookahshop.lt\/et\/wp-json\/wp\/v2\/media?parent=34020"}],"curies":[{"name":"wp","href":"https:\/\/api.w.org\/{rel}","templated":true}]}}