{"id":34029,"date":"2022-10-28T19:45:20","date_gmt":"2022-10-28T16:45:20","guid":{"rendered":"https:\/\/hookahshop.lt\/?post_type=product&#038;p=34029"},"modified":"2026-04-14T23:29:33","modified_gmt":"2026-04-14T20:29:33","slug":"stikline-vandens-pypke-clear-31cm","status":"publish","type":"product","link":"https:\/\/hookahshop.lt\/et\/toode\/klaas-veetoru-selge-31cm\/","title":{"rendered":"Klaasist veetoru L\u00e4bipaistev 31cm"},"content":{"rendered":"<h2>Klaasist veetoru L\u00e4bipaistev 31cm<\/h2>\n<p>Populaarne BREIT bong, seekord ilma logota, tavaline, suurep\u00e4rase kvaliteediga j\u00e4\u00e4naelu, jaheduse, kickhole ja raske stabiilse alusega.<\/p>\n<p><strong>Spetsifikatsioonid:<\/strong><br \/>\nL\u00e4bim\u00f5\u00f5t: 45 mm<br \/>\nPikkus: 310 mm<br \/>\nV\u00e4rv: l\u00e4bipaistev<br \/>\nToru t\u00fc\u00fcp: 18,8 mm<br \/>\nMaterjal: klaas<\/p>\n<p>Kas teil on k\u00fcsimusi? v\u00f5ta meiega \u00fchendust\u00a0<a href=\"https:\/\/hookahshop.lt\/et\/kontaktid\/\">kontaktide leht<\/a>\u00a0v\u00f5i saatke meile e-kiri aadressil\u00a0<a href=\"https:\/\/facebook.com\/HookahShop.lt\/\" target=\"_blank\" rel=\"noopener noreferrer\">Facebooki konto<\/a>\u00a0ja vastame teie taotlusele samal p\u00e4eval.<\/p>","protected":false},"excerpt":{"rendered":"<p>Klaasist veetoru L\u00e4bipaistev 31cm Populaarne BREIT bong, seekord ilma logota, tavaline, suurep\u00e4rane kvaliteet j\u00e4\u00e4naelu, jaheduse, kickhole ja raske stabiilse alusega. Tehnilised andmed: l\u00e4bim\u00f5\u00f5t: 45 mm Pikkus: 310 mm V\u00e4rv: l\u00e4bipaistev toru t\u00fc\u00fcp: 18,8 mm Materjal: klaas K\u00fcsimused? V\u00f5tke meiega \u00fchendust kontaktide lehel v\u00f5i kirjutage meile meie Facebooki kontol ja me vastame teie p\u00e4ringule [\u2026]<\/p>","protected":false},"featured_media":34030,"comment_status":"open","ping_status":"closed","template":"","meta":[],"_links":{"self":[{"href":"https:\/\/hookahshop.lt\/et\/wp-json\/wp\/v2\/product\/34029"}],"collection":[{"href":"https:\/\/hookahshop.lt\/et\/wp-json\/wp\/v2\/product"}],"about":[{"href":"https:\/\/hookahshop.lt\/et\/wp-json\/wp\/v2\/types\/product"}],"replies":[{"embeddable":true,"href":"https:\/\/hookahshop.lt\/et\/wp-json\/wp\/v2\/comments?post=34029"}],"version-history":[{"count":3,"href":"https:\/\/hookahshop.lt\/et\/wp-json\/wp\/v2\/product\/34029\/revisions"}],"predecessor-version":[{"id":37557,"href":"https:\/\/hookahshop.lt\/et\/wp-json\/wp\/v2\/product\/34029\/revisions\/37557"}],"wp:featuredmedia":[{"embeddable":true,"href":"https:\/\/hookahshop.lt\/et\/wp-json\/wp\/v2\/media\/34030"}],"wp:attachment":[{"href":"https:\/\/hookahshop.lt\/et\/wp-json\/wp\/v2\/media?parent=34029"}],"curies":[{"name":"wp","href":"https:\/\/api.w.org\/{rel}","templated":true}]}}