{"id":34043,"date":"2022-10-28T19:53:38","date_gmt":"2022-10-28T16:53:38","guid":{"rendered":"https:\/\/hookahshop.lt\/?post_type=product&#038;p=34043"},"modified":"2026-05-13T13:52:32","modified_gmt":"2026-05-13T10:52:32","slug":"stikline-vandens-pypke-mini-anonymous-21cm","status":"publish","type":"product","link":"https:\/\/hookahshop.lt\/et\/toode\/klaas-veetoru-mini-anonuumne-21cm\/","title":{"rendered":"Klaasist veetoru Mini Anonymous 21cm"},"content":{"rendered":"<h2>Klaasist veetoru Mini Anonymous 21cm<\/h2>\n<p>V\u00e4ike anon\u00fc\u00fcmse maski disainiga klaasist bong, suurep\u00e4rane l\u00f6\u00f6kaugu ja j\u00e4\u00e4s\u00e4lgud.<\/p>\n<p><strong>Spetsifikatsioonid:<\/strong><\/p>\n<p>L\u00e4bim\u00f5\u00f5t: 95\/40 mm<br \/>\nPikkus: 210 mm<br \/>\nToru t\u00fc\u00fcp: 14,5 mm<br \/>\nMaterjal: borosilikaatklaas<\/p>\n<p>Kas teil on k\u00fcsimusi? v\u00f5ta meiega \u00fchendust\u00a0<a href=\"https:\/\/hookahshop.lt\/et\/kontaktid\/\">kontaktide leht<\/a>\u00a0v\u00f5i saatke meile e-kiri aadressil\u00a0<a href=\"https:\/\/facebook.com\/HookahShop.lt\/\" target=\"_blank\" rel=\"noopener noreferrer\">Facebooki konto<\/a>\u00a0ja vastame teie taotlusele samal p\u00e4eval.<\/p>","protected":false},"excerpt":{"rendered":"<p>Klaasist veetoru Mini Anonymous 21cm V\u00e4ike klaasist bong Anonymous maski disainiga, suurep\u00e4rase l\u00f6\u00f6gi ja j\u00e4\u00e4s\u00e4lkudega. Tehnilised andmed: l\u00e4bim\u00f5\u00f5t: 95\/40 mm Pikkus: 210 mm Toru t\u00fc\u00fcp: 14,5 mm Materjal: borosilikaatklaas K\u00fcsimused? V\u00f5tke meiega \u00fchendust kontaktide lehel v\u00f5i kirjutage meile Facebookis ja vastame teie p\u00e4ringule samal p\u00e4eval.<\/p>","protected":false},"featured_media":34033,"comment_status":"open","ping_status":"closed","template":"","meta":[],"_links":{"self":[{"href":"https:\/\/hookahshop.lt\/et\/wp-json\/wp\/v2\/product\/34043"}],"collection":[{"href":"https:\/\/hookahshop.lt\/et\/wp-json\/wp\/v2\/product"}],"about":[{"href":"https:\/\/hookahshop.lt\/et\/wp-json\/wp\/v2\/types\/product"}],"replies":[{"embeddable":true,"href":"https:\/\/hookahshop.lt\/et\/wp-json\/wp\/v2\/comments?post=34043"}],"version-history":[{"count":3,"href":"https:\/\/hookahshop.lt\/et\/wp-json\/wp\/v2\/product\/34043\/revisions"}],"predecessor-version":[{"id":40376,"href":"https:\/\/hookahshop.lt\/et\/wp-json\/wp\/v2\/product\/34043\/revisions\/40376"}],"wp:featuredmedia":[{"embeddable":true,"href":"https:\/\/hookahshop.lt\/et\/wp-json\/wp\/v2\/media\/34033"}],"wp:attachment":[{"href":"https:\/\/hookahshop.lt\/et\/wp-json\/wp\/v2\/media?parent=34043"}],"curies":[{"name":"wp","href":"https:\/\/api.w.org\/{rel}","templated":true}]}}