{"id":34046,"date":"2022-10-28T19:59:55","date_gmt":"2022-10-28T16:59:55","guid":{"rendered":"https:\/\/hookahshop.lt\/?post_type=product&#038;p=34046"},"modified":"2026-04-17T16:33:37","modified_gmt":"2026-04-17T13:33:37","slug":"stikline-vandens-pypke-mini-black-18cm","status":"publish","type":"product","link":"https:\/\/hookahshop.lt\/et\/toode\/klaas-veetoru-mini-must-18cm\/","title":{"rendered":"Klaasist veetoru Mini Must 18cm"},"content":{"rendered":"<h2>Klaasist veetoru Mini Must 18cm<\/h2>\n<p>Kompaktne, v\u00e4ike, nii et saate seda oma rahakotis kanda! Kickhole ja kolme j\u00e4\u00e4s\u00e4lguga mullitaja on ka v\u00e4ga funktsionaalne. Reisibong<\/p>\n<p><strong>Spetsifikatsioonid:<\/strong><\/p>\n<p>L\u00e4bim\u00f5\u00f5t: 65\/28 mm<br \/>\nPikkus: 185 mm<br \/>\nV\u00e4rv: selge\/must<br \/>\nToru t\u00fc\u00fcp: 14,5 mm<br \/>\nMaterjal: borosilikaatklaas<\/p>\n<p>Kas teil on k\u00fcsimusi? v\u00f5ta meiega \u00fchendust\u00a0<a href=\"https:\/\/hookahshop.lt\/et\/kontaktid\/\">kontaktide leht<\/a>\u00a0v\u00f5i saatke meile e-kiri aadressil\u00a0<a href=\"https:\/\/facebook.com\/HookahShop.lt\/\" target=\"_blank\" rel=\"noopener noreferrer\">Facebooki konto<\/a>\u00a0ja vastame teie taotlusele samal p\u00e4eval.<\/p>","protected":false},"excerpt":{"rendered":"<p>Klaasist veetoru Mini Must 18cm Kompaktne, v\u00e4ike, nii et saate seda k\u00e4ekotis kaasas kanda! Kickhole ja kolme j\u00e4\u00e4s\u00e4lguga mullitaja on ka v\u00e4ga funktsionaalne. Travel Bongi spetsifikatsioonid: L\u00e4bim\u00f5\u00f5t: 65\/28mm Pikkus: 185mm V\u00e4rv: Selge\/must toru t\u00fc\u00fcp: 14,5mm Materjal: borosilikaatklaas K\u00fcsimused? V\u00f5tke meiega \u00fchendust kontaktide lehel v\u00f5i kirjutage meile Facebookis [...]<\/p>","protected":false},"featured_media":34047,"comment_status":"open","ping_status":"closed","template":"","meta":[],"_links":{"self":[{"href":"https:\/\/hookahshop.lt\/et\/wp-json\/wp\/v2\/product\/34046"}],"collection":[{"href":"https:\/\/hookahshop.lt\/et\/wp-json\/wp\/v2\/product"}],"about":[{"href":"https:\/\/hookahshop.lt\/et\/wp-json\/wp\/v2\/types\/product"}],"replies":[{"embeddable":true,"href":"https:\/\/hookahshop.lt\/et\/wp-json\/wp\/v2\/comments?post=34046"}],"version-history":[{"count":3,"href":"https:\/\/hookahshop.lt\/et\/wp-json\/wp\/v2\/product\/34046\/revisions"}],"predecessor-version":[{"id":34056,"href":"https:\/\/hookahshop.lt\/et\/wp-json\/wp\/v2\/product\/34046\/revisions\/34056"}],"wp:featuredmedia":[{"embeddable":true,"href":"https:\/\/hookahshop.lt\/et\/wp-json\/wp\/v2\/media\/34047"}],"wp:attachment":[{"href":"https:\/\/hookahshop.lt\/et\/wp-json\/wp\/v2\/media?parent=34046"}],"curies":[{"name":"wp","href":"https:\/\/api.w.org\/{rel}","templated":true}]}}