{"id":34081,"date":"2022-10-28T23:29:44","date_gmt":"2022-10-28T20:29:44","guid":{"rendered":"https:\/\/hookahshop.lt\/?post_type=product&#038;p=34081"},"modified":"2026-04-17T16:33:37","modified_gmt":"2026-04-17T13:33:37","slug":"stikline-vandens-pypke-percolator-black","status":"publish","type":"product","link":"https:\/\/hookahshop.lt\/et\/toode\/klaas-veetoru-perkolaator-must\/","title":{"rendered":"Klaasist veetoru Percolator Must 26cm"},"content":{"rendered":"<h2>Klaasist veetoru Percolator Must 26cm<\/h2>\n<p>Odav, kuid tugev klaasbong on mugavas \u00fcmbrises koos ufo perkolaatoriga. T\u00e4nu sellele ja suitsuteele, mis viib ringikujuliselt l\u00e4bi kolme kambri, on suits h\u00e4sti jahutatud ja filtreeritud. Tulemuseks on v\u00e4ga mahe maitse. Lisaks takistab pritsmekaitse vee soovimatut sissehingamist.<\/p>\n<p><strong>Spetsifikatsioonid:<\/strong><\/p>\n<p>L\u00e4bim\u00f5\u00f5t: 50\/28 mm<br \/>\nPikkus: 260 mm<br \/>\nV\u00e4rv: selge\/must<br \/>\nToru t\u00fc\u00fcp: 18,8 mm<br \/>\nMaterjal: borosilikaatklaas<\/p>\n<p>Kas teil on k\u00fcsimusi? v\u00f5ta meiega \u00fchendust\u00a0<a href=\"https:\/\/hookahshop.lt\/et\/kontaktid\/\">kontaktide leht<\/a>\u00a0v\u00f5i saatke meile e-kiri aadressil\u00a0<a href=\"https:\/\/facebook.com\/HookahShop.lt\/\" target=\"_blank\" rel=\"noopener noreferrer\">Facebooki konto<\/a>\u00a0ja vastame teie taotlusele samal p\u00e4eval.<\/p>","protected":false},"excerpt":{"rendered":"<p>Klaasist veetoru Perkolaator Must 26cm Odav, kuid tugev klaasbong on mugavas karbis koos ufo perkolaatoriga. T\u00e4nu sellele ja suitsuteele, mis viib ringikujuliselt l\u00e4bi kolme kambri, on suits h\u00e4sti jahutatud ja filtreeritud. Tulemuseks on v\u00e4ga mahe maitse. Lisaks takistab pritsmekaitse vee soovimatut sissehingamist. Tehnilised andmed: l\u00e4bim\u00f5\u00f5t: 50\/28 mm Pikkus: 260 mm [\u2026]<\/p>","protected":false},"featured_media":34049,"comment_status":"open","ping_status":"closed","template":"","meta":[],"_links":{"self":[{"href":"https:\/\/hookahshop.lt\/et\/wp-json\/wp\/v2\/product\/34081"}],"collection":[{"href":"https:\/\/hookahshop.lt\/et\/wp-json\/wp\/v2\/product"}],"about":[{"href":"https:\/\/hookahshop.lt\/et\/wp-json\/wp\/v2\/types\/product"}],"replies":[{"embeddable":true,"href":"https:\/\/hookahshop.lt\/et\/wp-json\/wp\/v2\/comments?post=34081"}],"version-history":[{"count":4,"href":"https:\/\/hookahshop.lt\/et\/wp-json\/wp\/v2\/product\/34081\/revisions"}],"predecessor-version":[{"id":35865,"href":"https:\/\/hookahshop.lt\/et\/wp-json\/wp\/v2\/product\/34081\/revisions\/35865"}],"wp:featuredmedia":[{"embeddable":true,"href":"https:\/\/hookahshop.lt\/et\/wp-json\/wp\/v2\/media\/34049"}],"wp:attachment":[{"href":"https:\/\/hookahshop.lt\/et\/wp-json\/wp\/v2\/media?parent=34081"}],"curies":[{"name":"wp","href":"https:\/\/api.w.org\/{rel}","templated":true}]}}