{"id":34087,"date":"2022-10-29T16:39:31","date_gmt":"2022-10-29T13:39:31","guid":{"rendered":"https:\/\/hookahshop.lt\/?post_type=product&#038;p=34087"},"modified":"2026-04-18T23:29:20","modified_gmt":"2026-04-18T20:29:20","slug":"lentele-darkside-su-sakute-yla","status":"publish","type":"product","link":"https:\/\/hookahshop.lt\/et\/toode\/laud-pimedas-ambriga-yla\/","title":{"rendered":"DARKSIIDE laud kahvli ja kahvliga"},"content":{"rendered":"<h2>DARKSIIDE laud kahvli ja kahvliga<\/h2>\n<p>Toode vesipiibutopside valmistamiseks. Matti kasutatakse peamiselt vesipiibutopside korrap\u00e4raseks ettevalmistamiseks, j\u00e4tmata lauaplaadile mustust. Visuaalselt on t\u00f6\u00f6laud absoluutne pilgup\u00fc\u00fcdja, mis ei tohiks puududa \u00fchestki vesipiibu baarist ega kodust. Teine tipphetk on tubakakahvel - yla, mis antakse \u00e4ra tasuta! Sellel on magnetkork, mille alla on konks peidetud. Tahvli k\u00fclge kinnitatakse ka magneti abil.<\/p>\n<p><strong>Omadused:<\/strong><br \/>\nMaterjal: silikoon<br \/>\nM\u00f5\u00f5dud: 30,8x20x8x0,5cm<br \/>\nT\u00e4ielik komplekt: kaubam\u00e4rgiga karp, silikoonplaat-matt, kahvlipulk<\/p>\n<p>Kas teil on k\u00fcsimusi? v\u00f5ta meiega \u00fchendust\u00a0<a href=\"https:\/\/hookahshop.lt\/et\/kontaktid\/\">kontaktide leht<\/a>\u00a0v\u00f5i saatke meile e-kiri aadressil\u00a0<a href=\"https:\/\/facebook.com\/HookahShop.lt\/\" target=\"_blank\" rel=\"noopener\">Facebooki konto<\/a>\u00a0ja vastame teie taotlusele samal p\u00e4eval.<\/p>","protected":false},"excerpt":{"rendered":"<p>Laud DARKSIDE kahvliga Toode vesipiibuprillide ettevalmistamiseks. Matti kasutatakse peamiselt vesipiibutopside korrap\u00e4raseks ettevalmistamiseks, j\u00e4tmata lauaplaadile mustust. Visuaalselt on t\u00f6\u00f6laud absoluutne pilgup\u00fc\u00fcdja, mis ei tohiks puududa \u00fchestki vesipiibu baarist ega kodust. Teine tipphetk on tubakakahvel - yla, mis antakse \u00e4ra tasuta! Sellel on magnetkork, mille alla on konks peidetud. Jah [\u2026]<\/p>","protected":false},"featured_media":34088,"comment_status":"open","ping_status":"closed","template":"","meta":[],"_links":{"self":[{"href":"https:\/\/hookahshop.lt\/et\/wp-json\/wp\/v2\/product\/34087"}],"collection":[{"href":"https:\/\/hookahshop.lt\/et\/wp-json\/wp\/v2\/product"}],"about":[{"href":"https:\/\/hookahshop.lt\/et\/wp-json\/wp\/v2\/types\/product"}],"replies":[{"embeddable":true,"href":"https:\/\/hookahshop.lt\/et\/wp-json\/wp\/v2\/comments?post=34087"}],"version-history":[{"count":4,"href":"https:\/\/hookahshop.lt\/et\/wp-json\/wp\/v2\/product\/34087\/revisions"}],"predecessor-version":[{"id":43499,"href":"https:\/\/hookahshop.lt\/et\/wp-json\/wp\/v2\/product\/34087\/revisions\/43499"}],"wp:featuredmedia":[{"embeddable":true,"href":"https:\/\/hookahshop.lt\/et\/wp-json\/wp\/v2\/media\/34088"}],"wp:attachment":[{"href":"https:\/\/hookahshop.lt\/et\/wp-json\/wp\/v2\/media?parent=34087"}],"curies":[{"name":"wp","href":"https:\/\/api.w.org\/{rel}","templated":true}]}}