{"id":34119,"date":"2022-10-31T15:20:35","date_gmt":"2022-10-31T13:20:35","guid":{"rendered":"https:\/\/hookahshop.lt\/?post_type=product&#038;p=34119"},"modified":"2026-04-14T23:29:33","modified_gmt":"2026-04-14T20:29:33","slug":"pypkes-valiklis-15cm","status":"publish","type":"product","link":"https:\/\/hookahshop.lt\/et\/toode\/torupuhasti-15cm\/","title":{"rendered":"Torupuhastaja 15cm"},"content":{"rendered":"<h2>Torupuhastaja 15cm<\/h2>\n<p>Painduv torupuhasti. Ideaalne torude puhastamiseks. Pikkus 15 cm. Viis v\u00e4rvi: kollane, punane, valge, sinine, roheline.<\/p>\n<p>Kas teil on k\u00fcsimusi? v\u00f5ta meiega \u00fchendust\u00a0<a href=\"https:\/\/hookahshop.lt\/et\/kontaktid\/\">kontaktide leht<\/a>\u00a0v\u00f5i saatke meile e-kiri aadressil\u00a0<a href=\"https:\/\/facebook.com\/HookahShop.lt\/\" target=\"_blank\" rel=\"noopener noreferrer\">Facebooki konto<\/a>\u00a0ja vastame teie taotlusele samal p\u00e4eval.<\/p>","protected":false},"excerpt":{"rendered":"<p>Torupuhastaja 15cm Painduv torupuhastaja. Ideaalne torude puhastamiseks. Pikkus 15 cm. Viis v\u00e4rvi: kollane, punane, valge, sinine, roheline. Kas teil on k\u00fcsimusi? V\u00f5tke meiega \u00fchendust kontaktide lehel v\u00f5i kirjutage meile meie Facebooki kontol ja vastame teie p\u00e4ringule samal p\u00e4eval.<\/p>","protected":false},"featured_media":34120,"comment_status":"open","ping_status":"closed","template":"","meta":[],"_links":{"self":[{"href":"https:\/\/hookahshop.lt\/et\/wp-json\/wp\/v2\/product\/34119"}],"collection":[{"href":"https:\/\/hookahshop.lt\/et\/wp-json\/wp\/v2\/product"}],"about":[{"href":"https:\/\/hookahshop.lt\/et\/wp-json\/wp\/v2\/types\/product"}],"replies":[{"embeddable":true,"href":"https:\/\/hookahshop.lt\/et\/wp-json\/wp\/v2\/comments?post=34119"}],"version-history":[{"count":6,"href":"https:\/\/hookahshop.lt\/et\/wp-json\/wp\/v2\/product\/34119\/revisions"}],"predecessor-version":[{"id":44650,"href":"https:\/\/hookahshop.lt\/et\/wp-json\/wp\/v2\/product\/34119\/revisions\/44650"}],"wp:featuredmedia":[{"embeddable":true,"href":"https:\/\/hookahshop.lt\/et\/wp-json\/wp\/v2\/media\/34120"}],"wp:attachment":[{"href":"https:\/\/hookahshop.lt\/et\/wp-json\/wp\/v2\/media?parent=34119"}],"curies":[{"name":"wp","href":"https:\/\/api.w.org\/{rel}","templated":true}]}}