{"id":34128,"date":"2022-10-31T15:35:49","date_gmt":"2022-10-31T13:35:49","guid":{"rendered":"https:\/\/hookahshop.lt\/?post_type=product&#038;p=34128"},"modified":"2026-04-14T23:29:33","modified_gmt":"2026-04-14T20:29:33","slug":"smulkintuvas-metalinis-black-leaf-black","status":"publish","type":"product","link":"https:\/\/hookahshop.lt\/et\/toode\/purustaja-metall-must-leht-must\/","title":{"rendered":"Metallist hakkija BLACK LEAF Black 47mm"},"content":{"rendered":"<h2>Metallist hakkija BLACK LEAF Black 47mm<\/h2>\n<p>Neljaosaline rombikujuliste lihvhammaste ja s\u00f5elaga alumiiniumveski, millel on \u00fcmarate nurkadega alumine kamber ja sees kaabits. Kaas on kindlalt magnetiga kinni. Nailonist tihendusr\u00f5ngas tagab kulumisvaba lihvimise.<\/p>\n<p><strong>Spetsifikatsioonid:<\/strong><\/p>\n<p>K\u00f5rgus: 36mm<br \/>\nL\u00e4bim\u00f5\u00f5t: 49\/47 mm<br \/>\nV\u00e4rv: must<br \/>\nMaterjal: Alumiinium<\/p>\n<p>Kas teil on k\u00fcsimusi? v\u00f5ta meiega \u00fchendust\u00a0<a href=\"https:\/\/hookahshop.lt\/et\/kontaktid\/\">kontaktide leht<\/a>\u00a0v\u00f5i saatke meile e-kiri aadressil\u00a0<a href=\"https:\/\/facebook.com\/HookahShop.lt\/\" target=\"_blank\" rel=\"noopener noreferrer\">Facebooki konto<\/a>\u00a0ja vastame teie taotlusele samal p\u00e4eval.<\/p>","protected":false},"excerpt":{"rendered":"<p>Metalliveski BLACK LEAF Black 47mm Neljaosaline rombikujuliste lihvhammaste ja s\u00f5elaga alumiiniumveski, millel on \u00fcmarate nurkadega alumine kamber ja sees kaabits. Kaant hoiab usaldusv\u00e4\u00e4rselt magnet. Nailonist tihendusr\u00f5ngas tagab kulumisvaba lihvimise. Tehnilised andmed: K\u00f5rgus: 36mm L\u00e4bim\u00f5\u00f5t: 49\/47mm V\u00e4rv: Must Materjal: Alumiinium Kas on k\u00fcsimusi? V\u00f5tke meiega \u00fchendust kontaktide lehel v\u00f5i kirjutage meile Facebookis [\u2026]<\/p>","protected":false},"featured_media":34129,"comment_status":"open","ping_status":"closed","template":"","meta":[],"_links":{"self":[{"href":"https:\/\/hookahshop.lt\/et\/wp-json\/wp\/v2\/product\/34128"}],"collection":[{"href":"https:\/\/hookahshop.lt\/et\/wp-json\/wp\/v2\/product"}],"about":[{"href":"https:\/\/hookahshop.lt\/et\/wp-json\/wp\/v2\/types\/product"}],"replies":[{"embeddable":true,"href":"https:\/\/hookahshop.lt\/et\/wp-json\/wp\/v2\/comments?post=34128"}],"version-history":[{"count":5,"href":"https:\/\/hookahshop.lt\/et\/wp-json\/wp\/v2\/product\/34128\/revisions"}],"predecessor-version":[{"id":44430,"href":"https:\/\/hookahshop.lt\/et\/wp-json\/wp\/v2\/product\/34128\/revisions\/44430"}],"wp:featuredmedia":[{"embeddable":true,"href":"https:\/\/hookahshop.lt\/et\/wp-json\/wp\/v2\/media\/34129"}],"wp:attachment":[{"href":"https:\/\/hookahshop.lt\/et\/wp-json\/wp\/v2\/media?parent=34128"}],"curies":[{"name":"wp","href":"https:\/\/api.w.org\/{rel}","templated":true}]}}