{"id":34132,"date":"2022-10-31T15:42:36","date_gmt":"2022-10-31T13:42:36","guid":{"rendered":"https:\/\/hookahshop.lt\/?post_type=product&#038;p=34132"},"modified":"2026-04-14T23:29:33","modified_gmt":"2026-04-14T20:29:33","slug":"sepetelis-siauras-black-24cm","status":"publish","type":"product","link":"https:\/\/hookahshop.lt\/et\/toode\/sepetel-kitsas-must-24cm\/","title":{"rendered":"Kitsas pintsel Must 24cm"},"content":{"rendered":"<h2>Kitsas pintsel Must 24cm<\/h2>\n<p>Harjaste, keerdvarre ja traatsilmusega pintsel. Harjal on peaaegu 7,5 cm pikkused harjased, l\u00e4bim\u00f5\u00f5t on peaaegu 16 mm ja kogu harja pikkus on peaaegu 24 cm.<\/p>\n<p>Kas teil on k\u00fcsimusi? v\u00f5ta meiega \u00fchendust\u00a0<a href=\"https:\/\/hookahshop.lt\/et\/kontaktid\/\">kontaktide leht<\/a>\u00a0v\u00f5i saatke meile e-kiri aadressil\u00a0<a href=\"https:\/\/facebook.com\/HookahShop.lt\/\" target=\"_blank\" rel=\"noopener noreferrer\">Facebooki konto<\/a>\u00a0ja vastame teie taotlusele samal p\u00e4eval.<\/p>","protected":false},"excerpt":{"rendered":"<p>Hari kitsas Must 24cm Harjaste, keerdvarre ja traataasaga pintsel. Harjal on peaaegu 7,5 cm pikkused harjased, l\u00e4bim\u00f5\u00f5t on peaaegu 16 mm ja kogu harja pikkus on peaaegu 24 cm. Kas teil on k\u00fcsimusi? V\u00f5tke meiega \u00fchendust kontaktide lehel v\u00f5i kirjutage meile meie Facebooki kontol ja vastame teie p\u00e4ringule samal p\u00e4eval.<\/p>","protected":false},"featured_media":34133,"comment_status":"open","ping_status":"closed","template":"","meta":[],"_links":{"self":[{"href":"https:\/\/hookahshop.lt\/et\/wp-json\/wp\/v2\/product\/34132"}],"collection":[{"href":"https:\/\/hookahshop.lt\/et\/wp-json\/wp\/v2\/product"}],"about":[{"href":"https:\/\/hookahshop.lt\/et\/wp-json\/wp\/v2\/types\/product"}],"replies":[{"embeddable":true,"href":"https:\/\/hookahshop.lt\/et\/wp-json\/wp\/v2\/comments?post=34132"}],"version-history":[{"count":3,"href":"https:\/\/hookahshop.lt\/et\/wp-json\/wp\/v2\/product\/34132\/revisions"}],"predecessor-version":[{"id":36638,"href":"https:\/\/hookahshop.lt\/et\/wp-json\/wp\/v2\/product\/34132\/revisions\/36638"}],"wp:featuredmedia":[{"embeddable":true,"href":"https:\/\/hookahshop.lt\/et\/wp-json\/wp\/v2\/media\/34133"}],"wp:attachment":[{"href":"https:\/\/hookahshop.lt\/et\/wp-json\/wp\/v2\/media?parent=34132"}],"curies":[{"name":"wp","href":"https:\/\/api.w.org\/{rel}","templated":true}]}}