{"id":34138,"date":"2022-10-31T15:45:18","date_gmt":"2022-10-31T13:45:18","guid":{"rendered":"https:\/\/hookahshop.lt\/?post_type=product&#038;p=34138"},"modified":"2026-04-17T16:33:37","modified_gmt":"2026-04-17T13:33:37","slug":"sepetelis-siauras-black-leaf-white-17cm","status":"publish","type":"product","link":"https:\/\/hookahshop.lt\/et\/toode\/sepetel-kitsas-must-leht-valge-17cm\/","title":{"rendered":"Kitsas pintsel BLACK LEAF Valge 17cm"},"content":{"rendered":"<h2>Kitsas pintsel BLACK LEAF Valge 17cm<\/h2>\n<p>See 17,5 cm pikkune nailonharjaste ja plastikotsaga metallist traathari sobib suurep\u00e4raselt puhurite, bongikausside ja loomulikult piipude puhastamiseks.<\/p>\n<p>Kas teil on k\u00fcsimusi? v\u00f5ta meiega \u00fchendust\u00a0<a href=\"https:\/\/hookahshop.lt\/et\/kontaktid\/\">kontaktide leht<\/a>\u00a0v\u00f5i saatke meile e-kiri aadressil\u00a0<a href=\"https:\/\/facebook.com\/HookahShop.lt\/\" target=\"_blank\" rel=\"noopener noreferrer\">Facebooki konto<\/a>\u00a0ja vastame teie taotlusele samal p\u00e4eval.<\/p>","protected":false},"excerpt":{"rendered":"<p>Hari kitsas BLACK LEAF White 17cm See on 17,5 cm pikkune, nailonharjaste ja plastotsaga metallist traathari, seega sobib see suurep\u00e4raselt puhurite, bongitopside ja loomulikult piibude puhastamiseks. Kas teil on k\u00fcsimusi? V\u00f5tke meiega \u00fchendust kontaktide lehel v\u00f5i kirjutage meile Facebookis ja vastame teie p\u00e4ringule samal p\u00e4eval.<\/p>","protected":false},"featured_media":34134,"comment_status":"open","ping_status":"closed","template":"","meta":[],"_links":{"self":[{"href":"https:\/\/hookahshop.lt\/et\/wp-json\/wp\/v2\/product\/34138"}],"collection":[{"href":"https:\/\/hookahshop.lt\/et\/wp-json\/wp\/v2\/product"}],"about":[{"href":"https:\/\/hookahshop.lt\/et\/wp-json\/wp\/v2\/types\/product"}],"replies":[{"embeddable":true,"href":"https:\/\/hookahshop.lt\/et\/wp-json\/wp\/v2\/comments?post=34138"}],"version-history":[{"count":3,"href":"https:\/\/hookahshop.lt\/et\/wp-json\/wp\/v2\/product\/34138\/revisions"}],"predecessor-version":[{"id":34248,"href":"https:\/\/hookahshop.lt\/et\/wp-json\/wp\/v2\/product\/34138\/revisions\/34248"}],"wp:featuredmedia":[{"embeddable":true,"href":"https:\/\/hookahshop.lt\/et\/wp-json\/wp\/v2\/media\/34134"}],"wp:attachment":[{"href":"https:\/\/hookahshop.lt\/et\/wp-json\/wp\/v2\/media?parent=34138"}],"curies":[{"name":"wp","href":"https:\/\/api.w.org\/{rel}","templated":true}]}}