{"id":34144,"date":"2022-10-31T15:54:43","date_gmt":"2022-10-31T13:54:43","guid":{"rendered":"https:\/\/hookahshop.lt\/?post_type=product&#038;p=34144"},"modified":"2026-05-14T23:29:47","modified_gmt":"2026-05-14T20:29:47","slug":"tinkliukas-black-leaf-15mm","status":"publish","type":"product","link":"https:\/\/hookahshop.lt\/et\/toode\/vorgud-must-leht-15mm\/","title":{"rendered":"V\u00f5rgusilm MUST LEHT 15mm"},"content":{"rendered":"<h2>V\u00f5rgusilm MUST LEHT 15mm<\/h2>\n<p>Roostevabast terasest kvaliteetsed lusikav\u00f5rgud l\u00e4bim\u00f5\u00f5duga 15 mm.<\/p>\n<p>Kas teil on k\u00fcsimusi? v\u00f5ta meiega \u00fchendust\u00a0<a href=\"https:\/\/hookahshop.lt\/et\/kontaktid\/\">kontaktide leht<\/a>\u00a0v\u00f5i saatke meile e-kiri aadressil\u00a0<a href=\"https:\/\/facebook.com\/HookahShop.lt\/\" target=\"_blank\" rel=\"noopener noreferrer\">Facebooki konto<\/a>\u00a0ja vastame teie taotlusele samal p\u00e4eval.<\/p>","protected":false},"excerpt":{"rendered":"<p>V\u00f5rk BLACK LEAF 15mm Kvaliteetsed roostevabast terasest lusikav\u00f5rgud l\u00e4bim\u00f5\u00f5duga 15mm. Kas teil on k\u00fcsimusi? V\u00f5tke meiega \u00fchendust kontaktide lehel v\u00f5i kirjutage meile Facebookis ja me vastame teie p\u00e4ringule samal p\u00e4eval.<\/p>","protected":false},"featured_media":34145,"comment_status":"open","ping_status":"closed","template":"","meta":[],"_links":{"self":[{"href":"https:\/\/hookahshop.lt\/et\/wp-json\/wp\/v2\/product\/34144"}],"collection":[{"href":"https:\/\/hookahshop.lt\/et\/wp-json\/wp\/v2\/product"}],"about":[{"href":"https:\/\/hookahshop.lt\/et\/wp-json\/wp\/v2\/types\/product"}],"replies":[{"embeddable":true,"href":"https:\/\/hookahshop.lt\/et\/wp-json\/wp\/v2\/comments?post=34144"}],"version-history":[{"count":6,"href":"https:\/\/hookahshop.lt\/et\/wp-json\/wp\/v2\/product\/34144\/revisions"}],"predecessor-version":[{"id":40306,"href":"https:\/\/hookahshop.lt\/et\/wp-json\/wp\/v2\/product\/34144\/revisions\/40306"}],"wp:featuredmedia":[{"embeddable":true,"href":"https:\/\/hookahshop.lt\/et\/wp-json\/wp\/v2\/media\/34145"}],"wp:attachment":[{"href":"https:\/\/hookahshop.lt\/et\/wp-json\/wp\/v2\/media?parent=34144"}],"curies":[{"name":"wp","href":"https:\/\/api.w.org\/{rel}","templated":true}]}}