{"id":34149,"date":"2022-10-31T16:37:22","date_gmt":"2022-10-31T14:37:22","guid":{"rendered":"https:\/\/hookahshop.lt\/?post_type=product&#038;p=34149"},"modified":"2026-04-17T23:29:50","modified_gmt":"2026-04-17T20:29:50","slug":"individualus-kaljano-kandiklis-moze-gold-green","status":"publish","type":"product","link":"https:\/\/hookahshop.lt\/et\/toode\/custom-huulik-moze-kuld-roheline\/","title":{"rendered":"Individuaalne vesipiibu huulik MOZE Gold Green"},"content":{"rendered":"<h2>Individuaalne vesipiibu huulik MOZE Gold Green<\/h2>\n<p>Garanteerib teile h\u00fcgieenilise suitsetamiskogemuse, kuna t\u00e4idab \u00fchekordselt kasutatava huuliku eesm\u00e4rgi. Iga MOZE huulik on ainulaadne, kuna see ei ole epoks\u00fcvaigu ja v\u00e4rvigradientide t\u00f5ttu kunagi sama. 4 erineva kullajoonega v\u00e4rvipaletiga leiad iga\u00fchele sobiva v\u00e4rvi! Kullajoont eristab kullaosakeste lisamine huulikusse. Huulikud on pestavad ja korduvkasutatavad. Seda huulikut kasutades ei tee te midagi head ainult endale ja oma h\u00fcgieenile, vaid ka keskkonnale, sest huulikuid ei visata p\u00e4rast suitsetamist minema nagu \u00fcksikuid \u00fchekordseid huulikuid.<\/p>\n<p>Kas teil on k\u00fcsimusi? v\u00f5ta meiega \u00fchendust\u00a0<a href=\"https:\/\/hookahshop.lt\/et\/kontaktid\/\">kontaktide leht<\/a>\u00a0v\u00f5i saatke meile e-kiri aadressil\u00a0<a href=\"https:\/\/facebook.com\/HookahShop.lt\/\" target=\"_blank\" rel=\"noopener noreferrer\">Facebooki konto<\/a>\u00a0ja vastame teie taotlusele samal p\u00e4eval.<\/p>","protected":false},"excerpt":{"rendered":"<p>Individuaalne vesipiibu huulik MOZE Gold Green garanteerib teile h\u00fcgieenilise suitsetamiskogemuse, kuna t\u00e4idab \u00fchekordselt kasutatava huuliku eesm\u00e4rgi. Iga MOZE huulik on ainulaadne, kuna see ei ole epoks\u00fcvaigu ja v\u00e4rvigradientide t\u00f5ttu kunagi sama. 4 erineva kullajoonega v\u00e4rvipaletiga leiad iga\u00fchele sobiva v\u00e4rvi! Kullajoont eristab kullaosakeste lisamine huulikusse. [\u2026]<\/p>","protected":false},"featured_media":34152,"comment_status":"open","ping_status":"closed","template":"","meta":[],"_links":{"self":[{"href":"https:\/\/hookahshop.lt\/et\/wp-json\/wp\/v2\/product\/34149"}],"collection":[{"href":"https:\/\/hookahshop.lt\/et\/wp-json\/wp\/v2\/product"}],"about":[{"href":"https:\/\/hookahshop.lt\/et\/wp-json\/wp\/v2\/types\/product"}],"replies":[{"embeddable":true,"href":"https:\/\/hookahshop.lt\/et\/wp-json\/wp\/v2\/comments?post=34149"}],"version-history":[{"count":6,"href":"https:\/\/hookahshop.lt\/et\/wp-json\/wp\/v2\/product\/34149\/revisions"}],"predecessor-version":[{"id":45713,"href":"https:\/\/hookahshop.lt\/et\/wp-json\/wp\/v2\/product\/34149\/revisions\/45713"}],"wp:featuredmedia":[{"embeddable":true,"href":"https:\/\/hookahshop.lt\/et\/wp-json\/wp\/v2\/media\/34152"}],"wp:attachment":[{"href":"https:\/\/hookahshop.lt\/et\/wp-json\/wp\/v2\/media?parent=34149"}],"curies":[{"name":"wp","href":"https:\/\/api.w.org\/{rel}","templated":true}]}}