{"id":34175,"date":"2022-10-31T16:59:42","date_gmt":"2022-10-31T14:59:42","guid":{"rendered":"https:\/\/hookahshop.lt\/?post_type=product&#038;p=34175"},"modified":"2026-04-17T23:29:50","modified_gmt":"2026-04-17T20:29:50","slug":"individualus-kaljano-kandiklis-moze-wild-black","status":"publish","type":"product","link":"https:\/\/hookahshop.lt\/et\/toode\/custom-huulik-moze-wild-must\/","title":{"rendered":"Individuaalne vesipiibu huulik MOZE Wild Black"},"content":{"rendered":"<h2>Individuaalne vesipiibu huulik MOZE Wild Black<\/h2>\n<p>Garanteerib teile h\u00fcgieenilise suitsetamiskogemuse. Iga MOZE huulik on ainulaadne, kuna see ei ole epoks\u00fcvaigu ja v\u00e4rvigradientide t\u00f5ttu kunagi sama. Seda huulikut kasutades ei tee te midagi head ainult endale ja oma h\u00fcgieenile, vaid ka keskkonnale, sest huulikuid ei visata p\u00e4rast suitsetamist minema nagu \u00fcksikuid \u00fchekordseid huulikuid.<\/p>\n<p>Kas teil on k\u00fcsimusi? v\u00f5ta meiega \u00fchendust\u00a0<a href=\"https:\/\/hookahshop.lt\/et\/kontaktid\/\">kontaktide leht<\/a>\u00a0v\u00f5i saatke meile e-kiri aadressil\u00a0<a href=\"https:\/\/facebook.com\/HookahShop.lt\/\" target=\"_blank\" rel=\"noopener noreferrer\">Facebooki konto<\/a>\u00a0ja vastame teie taotlusele samal p\u00e4eval.<\/p>","protected":false},"excerpt":{"rendered":"<p>Individuaalne vesipiibu huulik MOZE Wild Black tagab teile h\u00fcgieenilise suitsetamiskogemuse. Iga MOZE huulik on ainulaadne, kuna see ei ole epoks\u00fcvaigu ja v\u00e4rvigradientide t\u00f5ttu kunagi sama. Seda huulikut kasutades ei tee te midagi head ainult endale ja oma h\u00fcgieenile, vaid ka keskkonnale, sest huulikuid ei visata p\u00e4rast suitsetamist minema nagu \u00fcksikuid \u00fchekordseid huulikuid. Kas teil on k\u00fcsimusi? [\u2026]<\/p>","protected":false},"featured_media":34170,"comment_status":"open","ping_status":"closed","template":"","meta":[],"_links":{"self":[{"href":"https:\/\/hookahshop.lt\/et\/wp-json\/wp\/v2\/product\/34175"}],"collection":[{"href":"https:\/\/hookahshop.lt\/et\/wp-json\/wp\/v2\/product"}],"about":[{"href":"https:\/\/hookahshop.lt\/et\/wp-json\/wp\/v2\/types\/product"}],"replies":[{"embeddable":true,"href":"https:\/\/hookahshop.lt\/et\/wp-json\/wp\/v2\/comments?post=34175"}],"version-history":[{"count":4,"href":"https:\/\/hookahshop.lt\/et\/wp-json\/wp\/v2\/product\/34175\/revisions"}],"predecessor-version":[{"id":43988,"href":"https:\/\/hookahshop.lt\/et\/wp-json\/wp\/v2\/product\/34175\/revisions\/43988"}],"wp:featuredmedia":[{"embeddable":true,"href":"https:\/\/hookahshop.lt\/et\/wp-json\/wp\/v2\/media\/34170"}],"wp:attachment":[{"href":"https:\/\/hookahshop.lt\/et\/wp-json\/wp\/v2\/media?parent=34175"}],"curies":[{"name":"wp","href":"https:\/\/api.w.org\/{rel}","templated":true}]}}