{"id":34183,"date":"2022-10-31T17:06:39","date_gmt":"2022-10-31T15:06:39","guid":{"rendered":"https:\/\/hookahshop.lt\/?post_type=product&#038;p=34183"},"modified":"2026-04-15T12:29:32","modified_gmt":"2026-04-15T09:29:32","slug":"individualus-kaljano-kandiklis-serp-pink","status":"publish","type":"product","link":"https:\/\/hookahshop.lt\/et\/toode\/individuaalne-huulik-serp-roosa\/","title":{"rendered":"Individuaalne vesipiibu huulik SERP Pink"},"content":{"rendered":"<h2>Individuaalne vesipiibu huulik SERP Pink<\/h2>\n<p>Valmistatud stabiliseeritud kvaliteetsest puidust. See kohandatud huulik sobib enamiku huulikutega, kuna selle allosas on silikoonosa. Selle toote eeliseks on see, et seda saab veega pesta, nii et seda saab uuesti kasutada. Seal on rihm, millega saab seda kaelas kanda.<\/p>\n<p>Kas teil on k\u00fcsimusi? v\u00f5ta meiega \u00fchendust\u00a0<a href=\"https:\/\/hookahshop.lt\/et\/kontaktid\/\">kontaktide leht<\/a>\u00a0v\u00f5i saatke meile e-kiri aadressil\u00a0<a href=\"https:\/\/facebook.com\/HookahShop.lt\/\" target=\"_blank\" rel=\"noopener noreferrer\">Facebooki konto<\/a>\u00a0ja vastame teie taotlusele samal p\u00e4eval.<\/p>","protected":false},"excerpt":{"rendered":"<p>Individuaalne vesipiibu huulik SERP Pink Valmistatud stabiliseeritud kvaliteetsest puidust. See kohandatud huulik sobib enamiku huulikutega, kuna selle allosas on silikoonosa. Selle toote eeliseks on see, et seda saab veega pesta, nii et seda saab uuesti kasutada. Seal on rihm, millega saab seda kaelas kanda. Kas teil on k\u00fcsimusi? V\u00f5tke meiega \u00fchendust kontaktide lehel v\u00f5i kirjutage [...]<\/p>","protected":false},"featured_media":34172,"comment_status":"open","ping_status":"closed","template":"","meta":[],"_links":{"self":[{"href":"https:\/\/hookahshop.lt\/et\/wp-json\/wp\/v2\/product\/34183"}],"collection":[{"href":"https:\/\/hookahshop.lt\/et\/wp-json\/wp\/v2\/product"}],"about":[{"href":"https:\/\/hookahshop.lt\/et\/wp-json\/wp\/v2\/types\/product"}],"replies":[{"embeddable":true,"href":"https:\/\/hookahshop.lt\/et\/wp-json\/wp\/v2\/comments?post=34183"}],"version-history":[{"count":4,"href":"https:\/\/hookahshop.lt\/et\/wp-json\/wp\/v2\/product\/34183\/revisions"}],"predecessor-version":[{"id":34260,"href":"https:\/\/hookahshop.lt\/et\/wp-json\/wp\/v2\/product\/34183\/revisions\/34260"}],"wp:featuredmedia":[{"embeddable":true,"href":"https:\/\/hookahshop.lt\/et\/wp-json\/wp\/v2\/media\/34172"}],"wp:attachment":[{"href":"https:\/\/hookahshop.lt\/et\/wp-json\/wp\/v2\/media?parent=34183"}],"curies":[{"name":"wp","href":"https:\/\/api.w.org\/{rel}","templated":true}]}}