{"id":34187,"date":"2022-10-31T17:14:02","date_gmt":"2022-10-31T15:14:02","guid":{"rendered":"https:\/\/hookahshop.lt\/?post_type=product&#038;p=34187"},"modified":"2026-04-13T16:23:53","modified_gmt":"2026-04-13T13:23:53","slug":"skyliu-pramustuvas-ivairiu-spalvu","status":"publish","type":"product","link":"https:\/\/hookahshop.lt\/et\/toode\/augu-labistaja-eri-varvi\/","title":{"rendered":"Erinevates v\u00e4rvides auguraud"},"content":{"rendered":"<h2><strong>Erinevates v\u00e4rvides auguraud<\/strong><\/h2>\n<p>Aukude l\u00f6\u00f6ja - n\u00f5el on ette valmistatud fooliumiga tassi jaoks - aukude l\u00f6\u00f6miseks. Teine v\u00f5imalus seda kasutada on tubaka tassi l\u00f5dvalt laiali jaotamine v\u00f5i tubaka jaoks aukude tegemine topsi.<\/p>\n<p>Kas teil on k\u00fcsimusi? v\u00f5ta meiega \u00fchendust\u00a0<a href=\"https:\/\/hookahshop.lt\/et\/kontaktid\/\">kontaktide leht<\/a>\u00a0v\u00f5i saatke meile e-kiri aadressil\u00a0<a href=\"https:\/\/facebook.com\/HookahShop.lt\/\" target=\"_blank\" rel=\"noopener noreferrer\">Facebooki konto<\/a>\u00a0ja vastame teie taotlusele samal p\u00e4eval.<\/p>","protected":false},"excerpt":{"rendered":"<p>Erinevates v\u00e4rvides augulukk - n\u00f5el on ette n\u00e4htud fooliumiga ettevalmistatud tassi jaoks - aukude l\u00f6\u00f6miseks. Teine v\u00f5imalus seda kasutada on tubaka tassi l\u00f5dvalt laiali jaotamine v\u00f5i tubaka jaoks aukude tegemine topsi. Kas teil on k\u00fcsimusi? V\u00f5tke meiega \u00fchendust kontaktide lehel v\u00f5i kirjutage meile meie Facebooki kontol ja vastame teie p\u00e4ringule samal p\u00e4eval.<\/p>","protected":false},"featured_media":34188,"comment_status":"open","ping_status":"closed","template":"","meta":[],"_links":{"self":[{"href":"https:\/\/hookahshop.lt\/et\/wp-json\/wp\/v2\/product\/34187"}],"collection":[{"href":"https:\/\/hookahshop.lt\/et\/wp-json\/wp\/v2\/product"}],"about":[{"href":"https:\/\/hookahshop.lt\/et\/wp-json\/wp\/v2\/types\/product"}],"replies":[{"embeddable":true,"href":"https:\/\/hookahshop.lt\/et\/wp-json\/wp\/v2\/comments?post=34187"}],"version-history":[{"count":4,"href":"https:\/\/hookahshop.lt\/et\/wp-json\/wp\/v2\/product\/34187\/revisions"}],"predecessor-version":[{"id":42994,"href":"https:\/\/hookahshop.lt\/et\/wp-json\/wp\/v2\/product\/34187\/revisions\/42994"}],"wp:featuredmedia":[{"embeddable":true,"href":"https:\/\/hookahshop.lt\/et\/wp-json\/wp\/v2\/media\/34188"}],"wp:attachment":[{"href":"https:\/\/hookahshop.lt\/et\/wp-json\/wp\/v2\/media?parent=34187"}],"curies":[{"name":"wp","href":"https:\/\/api.w.org\/{rel}","templated":true}]}}