{"id":34277,"date":"2022-10-31T23:21:13","date_gmt":"2022-10-31T21:21:13","guid":{"rendered":"https:\/\/hookahshop.lt\/?post_type=product&#038;p=34277"},"modified":"2026-04-15T12:29:32","modified_gmt":"2026-04-15T09:29:32","slug":"taurele-kaljanui-japona-hookah-turkish-orange","status":"publish","type":"product","link":"https:\/\/hookahshop.lt\/et\/toode\/tass-vesipiip-jaapani-vesipiip-turgi-apelsin\/","title":{"rendered":"Vesipiibu tass JAAPAN HOOKAH T\u00fcrgi apelsin"},"content":{"rendered":"<h2>Vesipiibu tass JAAPAN HOOKAH T\u00fcrgi apelsin<\/h2>\n<p>See on kvaliteetne k\u00e4sitsi valmistatud punasest savist tass.<br \/>\nK\u00f5ik tassid on v\u00e4ga ilusad. Erilise v\u00f5lu annab neile T\u00fcrgi tasse kaunistav punutud must pael.<br \/>\nJaapani Vesipiibu tassid on teie kollektsiooni suurep\u00e4raseks t\u00e4ienduseks ja stiilne pakend on kingitus.<br \/>\nVesipiip Japona Hookah on klassikaline T\u00fcrgi tass, mille p\u00f5hjas on viis suurt auku ja mille maht on 15 grammi. Suurep\u00e4rane tassi tekstuur ja punutud pael.<\/p>\n<p>Spetsifikatsioonid:<br \/>\nK\u00f5rgus: 89 mm<br \/>\nL\u00e4bim\u00f5\u00f5t (v\u00e4limine): 69 mm<br \/>\nL\u00e4bim\u00f5\u00f5t (sisemine): 59 mm<br \/>\nS\u00fcgavus: 19 mm<br \/>\nAva l\u00e4bim\u00f5\u00f5t: 7 mm<br \/>\nAukude arv: 5 tk<br \/>\nKaal: umbes 188 g.<\/p>\n<p>Kas teil on k\u00fcsimusi? v\u00f5ta meiega \u00fchendust\u00a0<a href=\"https:\/\/hookahshop.lt\/et\/kontaktid\/\">kontaktide leht<\/a>\u00a0v\u00f5i saatke meile e-kiri aadressil\u00a0<a href=\"https:\/\/facebook.com\/HookahShop.lt\/\" target=\"_blank\" rel=\"noopener noreferrer\">Facebooki konto<\/a>\u00a0ja vastame teie taotlusele samal p\u00e4eval.<\/p>","protected":false},"excerpt":{"rendered":"<p>Vesipiibu kauss JAAPAN HOOKAH Turkish Orange See on kvaliteetne k\u00e4sitsi valmistatud punasest savist kauss. K\u00f5ik tassid on v\u00e4ga ilusad. Erilise v\u00f5lu annab neile punutud must lint, mis kaunistab T\u00fcrgi tasse. Japona Hookah tassid t\u00e4iendavad teie kollektsiooni suurep\u00e4raselt ja stiilne pakend muudab need ideaalseks kinkimiseks. T\u00fcrgi vesipiip &quot;Japona Hookah&quot; on klassikaline T\u00fcrgi tass, millel on [\u2026]<\/p>","protected":false},"featured_media":34278,"comment_status":"open","ping_status":"closed","template":"","meta":[],"_links":{"self":[{"href":"https:\/\/hookahshop.lt\/et\/wp-json\/wp\/v2\/product\/34277"}],"collection":[{"href":"https:\/\/hookahshop.lt\/et\/wp-json\/wp\/v2\/product"}],"about":[{"href":"https:\/\/hookahshop.lt\/et\/wp-json\/wp\/v2\/types\/product"}],"replies":[{"embeddable":true,"href":"https:\/\/hookahshop.lt\/et\/wp-json\/wp\/v2\/comments?post=34277"}],"version-history":[{"count":3,"href":"https:\/\/hookahshop.lt\/et\/wp-json\/wp\/v2\/product\/34277\/revisions"}],"predecessor-version":[{"id":34450,"href":"https:\/\/hookahshop.lt\/et\/wp-json\/wp\/v2\/product\/34277\/revisions\/34450"}],"wp:featuredmedia":[{"embeddable":true,"href":"https:\/\/hookahshop.lt\/et\/wp-json\/wp\/v2\/media\/34278"}],"wp:attachment":[{"href":"https:\/\/hookahshop.lt\/et\/wp-json\/wp\/v2\/media?parent=34277"}],"curies":[{"name":"wp","href":"https:\/\/api.w.org\/{rel}","templated":true}]}}